{"id":1674,"date":"2024-08-02T10:27:08","date_gmt":"2024-08-02T08:27:08","guid":{"rendered":"https:\/\/www.visitbunyola.com\/blog\/"},"modified":"2025-08-19T15:26:17","modified_gmt":"2025-08-19T13:26:17","slug":"blog","status":"publish","type":"page","link":"https:\/\/www.visitbunyola.com\/de\/blog\/","title":{"rendered":"Blog"},"content":{"rendered":"\t\t<div data-elementor-type=\"wp-page\" data-elementor-id=\"1674\" class=\"elementor elementor-1674 elementor-555\" data-elementor-post-type=\"page\">\n\t\t\t\t<div class=\"elementor-element elementor-element-289002e e-con-full e-flex e-con e-parent\" data-id=\"289002e\" data-element_type=\"container\" data-settings=\"{&quot;background_background&quot;:&quot;classic&quot;,&quot;jet_parallax_layout_list&quot;:[]}\">\n\t\t\t\t<div class=\"elementor-element elementor-element-0e453b0 elementor-widget elementor-widget-heading\" data-id=\"0e453b0\" data-element_type=\"widget\" data-widget_type=\"heading.default\">\n\t\t\t\t<div class=\"elementor-widget-container\">\n\t\t\t\t\t<h2 class=\"elementor-heading-title elementor-size-default\">Blog<\/h2>\t\t\t\t<\/div>\n\t\t\t\t<\/div>\n\t\t\t\t<div class=\"elementor-element elementor-element-252f800 elementor-widget elementor-widget-heading\" data-id=\"252f800\" data-element_type=\"widget\" data-widget_type=\"heading.default\">\n\t\t\t\t<div class=\"elementor-widget-container\">\n\t\t\t\t\t<h1 class=\"elementor-heading-title elementor-size-default\">NEUIGKEITEN AUS BUNYOLA<\/h1>\t\t\t\t<\/div>\n\t\t\t\t<\/div>\n\t\t\t\t<\/div>\n\t\t<div class=\"elementor-element elementor-element-2402efb e-flex e-con-boxed e-con e-parent\" data-id=\"2402efb\" data-element_type=\"container\" data-settings=\"{&quot;jet_parallax_layout_list&quot;:[]}\">\n\t\t\t\t\t<div class=\"e-con-inner\">\n\t\t\t\t<div class=\"elementor-element elementor-element-56982ec elementor-grid-3 elementor-grid-tablet-2 elementor-grid-mobile-1 elementor-posts--thumbnail-top elementor-card-shadow-yes elementor-posts__hover-gradient elementor-widget elementor-widget-posts\" data-id=\"56982ec\" data-element_type=\"widget\" data-settings=\"{&quot;cards_columns&quot;:&quot;3&quot;,&quot;cards_columns_tablet&quot;:&quot;2&quot;,&quot;cards_columns_mobile&quot;:&quot;1&quot;,&quot;cards_row_gap&quot;:{&quot;unit&quot;:&quot;px&quot;,&quot;size&quot;:35,&quot;sizes&quot;:[]},&quot;cards_row_gap_tablet&quot;:{&quot;unit&quot;:&quot;px&quot;,&quot;size&quot;:&quot;&quot;,&quot;sizes&quot;:[]},&quot;cards_row_gap_mobile&quot;:{&quot;unit&quot;:&quot;px&quot;,&quot;size&quot;:&quot;&quot;,&quot;sizes&quot;:[]}}\" data-widget_type=\"posts.cards\">\n\t\t\t\t<div class=\"elementor-widget-container\">\n\t\t\t\t\t\t\t<div class=\"elementor-posts-container elementor-posts elementor-posts--skin-cards elementor-grid\" role=\"list\">\n\t\t\t\t<article class=\"elementor-post elementor-grid-item post-3024 post type-post status-publish format-standard has-post-thumbnail hentry category-unkategorisiert\" role=\"listitem\">\n\t\t\t<div class=\"elementor-post__card\">\n\t\t\t\t<a class=\"elementor-post__thumbnail__link\" href=\"https:\/\/www.visitbunyola.com\/de\/wandern-in-der-serra-de-tramuntana-entdecken-sie-die-besten-routen-ab-bunyola\/\" tabindex=\"-1\" ><div class=\"elementor-post__thumbnail\"><img fetchpriority=\"high\" decoding=\"async\" width=\"300\" height=\"198\" src=\"https:\/\/www.visitbunyola.com\/wp-content\/uploads\/2024\/07\/senderismo-300x198.jpg\" class=\"attachment-medium size-medium wp-image-1299\" alt=\"\" srcset=\"https:\/\/www.visitbunyola.com\/wp-content\/uploads\/2024\/07\/senderismo-300x198.jpg 300w, https:\/\/www.visitbunyola.com\/wp-content\/uploads\/2024\/07\/senderismo.jpg 533w\" sizes=\"(max-width: 300px) 100vw, 300px\" \/><\/div><\/a>\n\t\t\t\t<div class=\"elementor-post__text\">\n\t\t\t\t<h2 class=\"elementor-post__title\">\n\t\t\t<a href=\"https:\/\/www.visitbunyola.com\/de\/wandern-in-der-serra-de-tramuntana-entdecken-sie-die-besten-routen-ab-bunyola\/\" >\n\t\t\t\tWandern in der Serra de Tramuntana: Entdecken Sie die besten Routen ab Bunyola\t\t\t<\/a>\n\t\t<\/h2>\n\t\t\t\t<div class=\"elementor-post__excerpt\">\n\t\t\t<p>Bunyola, ein malerisches St\u00e4dtchen im Herzen der Serra de Tramuntana, ist der ideale Ausgangspunkt f\u00fcr die Erkundung einiger der sch\u00f6nsten Wanderwege Mallorcas. Das charmante St\u00e4dtchen<\/p>\n\t\t<\/div>\n\t\t\n\t\t<a class=\"elementor-post__read-more\" href=\"https:\/\/www.visitbunyola.com\/de\/wandern-in-der-serra-de-tramuntana-entdecken-sie-die-besten-routen-ab-bunyola\/\" aria-label=\"Mehr \u00fcber Wandern in der Serra de Tramuntana: Entdecken Sie die besten Routen ab Bunyola\" tabindex=\"-1\" >\n\t\t\t Llegir m\u00e9s \u00bb\t\t<\/a>\n\n\t\t\t\t<\/div>\n\t\t\t\t<div class=\"elementor-post__meta-data\">\n\t\t\t\t\t<span class=\"elementor-post-avatar\">\n\t\t\tKeine Kommentare\t\t<\/span>\n\t\t\t\t<\/div>\n\t\t\t\t\t<\/div>\n\t\t<\/article>\n\t\t\t\t<article class=\"elementor-post elementor-grid-item post-3018 post type-post status-publish format-standard has-post-thumbnail hentry category-unkategorisiert\" role=\"listitem\">\n\t\t\t<div class=\"elementor-post__card\">\n\t\t\t\t<a class=\"elementor-post__thumbnail__link\" href=\"https:\/\/www.visitbunyola.com\/de\/orient-ein-unverzichtbares-ziel-auf-ihrer-reise-nach-mallorca-und-ihrem-besuch-in-bunyola-und-der-serra-de-tramuntana\/\" tabindex=\"-1\" ><div class=\"elementor-post__thumbnail\"><img decoding=\"async\" width=\"300\" height=\"198\" src=\"https:\/\/www.visitbunyola.com\/wp-content\/uploads\/2024\/07\/etiqueta-orient-300x198.jpg\" class=\"attachment-medium size-medium wp-image-1101\" alt=\"\" srcset=\"https:\/\/www.visitbunyola.com\/wp-content\/uploads\/2024\/07\/etiqueta-orient-300x198.jpg 300w, https:\/\/www.visitbunyola.com\/wp-content\/uploads\/2024\/07\/etiqueta-orient.jpg 533w\" sizes=\"(max-width: 300px) 100vw, 300px\" \/><\/div><\/a>\n\t\t\t\t<div class=\"elementor-post__text\">\n\t\t\t\t<h2 class=\"elementor-post__title\">\n\t\t\t<a href=\"https:\/\/www.visitbunyola.com\/de\/orient-ein-unverzichtbares-ziel-auf-ihrer-reise-nach-mallorca-und-ihrem-besuch-in-bunyola-und-der-serra-de-tramuntana\/\" >\n\t\t\t\tOrient: Ein unverzichtbares Ziel auf Ihrer Reise nach Mallorca und Ihrem Besuch in Bunyola und der Serra de Tramuntana\t\t\t<\/a>\n\t\t<\/h2>\n\t\t\t\t<div class=\"elementor-post__excerpt\">\n\t\t\t<p>Orient liegt im Herzen der Serra de Tramuntana und ist eines der charmantesten und malerischsten Reiseziele Mallorcas. Diese kleine und charmante Stadt ist ein Muss<\/p>\n\t\t<\/div>\n\t\t\n\t\t<a class=\"elementor-post__read-more\" href=\"https:\/\/www.visitbunyola.com\/de\/orient-ein-unverzichtbares-ziel-auf-ihrer-reise-nach-mallorca-und-ihrem-besuch-in-bunyola-und-der-serra-de-tramuntana\/\" aria-label=\"Mehr \u00fcber Orient: Ein unverzichtbares Ziel auf Ihrer Reise nach Mallorca und Ihrem Besuch in Bunyola und der Serra de Tramuntana\" tabindex=\"-1\" >\n\t\t\t Llegir m\u00e9s \u00bb\t\t<\/a>\n\n\t\t\t\t<\/div>\n\t\t\t\t<div class=\"elementor-post__meta-data\">\n\t\t\t\t\t<span class=\"elementor-post-avatar\">\n\t\t\tKeine Kommentare\t\t<\/span>\n\t\t\t\t<\/div>\n\t\t\t\t\t<\/div>\n\t\t<\/article>\n\t\t\t\t<article class=\"elementor-post elementor-grid-item post-3015 post type-post status-publish format-standard has-post-thumbnail hentry category-unkategorisiert\" role=\"listitem\">\n\t\t\t<div class=\"elementor-post__card\">\n\t\t\t\t<a class=\"elementor-post__thumbnail__link\" href=\"https:\/\/www.visitbunyola.com\/de\/entdecken-sie-die-feste-und-feierlichkeiten-in-bunyola-sant-mateu-und-das-beruehmte-unterwaescherennen\/\" tabindex=\"-1\" ><div class=\"elementor-post__thumbnail\"><img decoding=\"async\" width=\"300\" height=\"300\" src=\"https:\/\/www.visitbunyola.com\/wp-content\/uploads\/2024\/07\/foto4-300x300.jpg\" class=\"attachment-medium size-medium wp-image-1362\" alt=\"\" srcset=\"https:\/\/www.visitbunyola.com\/wp-content\/uploads\/2024\/07\/foto4-300x300.jpg 300w, https:\/\/www.visitbunyola.com\/wp-content\/uploads\/2024\/07\/foto4-150x150.jpg 150w, https:\/\/www.visitbunyola.com\/wp-content\/uploads\/2024\/07\/foto4.jpg 351w\" sizes=\"(max-width: 300px) 100vw, 300px\" \/><\/div><\/a>\n\t\t\t\t<div class=\"elementor-post__text\">\n\t\t\t\t<h2 class=\"elementor-post__title\">\n\t\t\t<a href=\"https:\/\/www.visitbunyola.com\/de\/entdecken-sie-die-feste-und-feierlichkeiten-in-bunyola-sant-mateu-und-das-beruehmte-unterwaescherennen\/\" >\n\t\t\t\tEntdecken Sie die Feste und Feierlichkeiten in Bunyola: Sant Mateu und das ber\u00fchmte Unterw\u00e4scherennen\t\t\t<\/a>\n\t\t<\/h2>\n\t\t\t\t<div class=\"elementor-post__excerpt\">\n\t\t\t<p>Bunyola, ein charmantes St\u00e4dtchen im Herzen der Serra de Tramuntana, ist nicht nur f\u00fcr seine atemberaubende Natur, sondern auch f\u00fcr sein pulsierendes Kultur- und Festleben<\/p>\n\t\t<\/div>\n\t\t\n\t\t<a class=\"elementor-post__read-more\" href=\"https:\/\/www.visitbunyola.com\/de\/entdecken-sie-die-feste-und-feierlichkeiten-in-bunyola-sant-mateu-und-das-beruehmte-unterwaescherennen\/\" aria-label=\"Mehr \u00fcber Entdecken Sie die Feste und Feierlichkeiten in Bunyola: Sant Mateu und das ber\u00fchmte Unterw\u00e4scherennen\" tabindex=\"-1\" >\n\t\t\t Llegir m\u00e9s \u00bb\t\t<\/a>\n\n\t\t\t\t<\/div>\n\t\t\t\t<div class=\"elementor-post__meta-data\">\n\t\t\t\t\t<span class=\"elementor-post-avatar\">\n\t\t\tKeine Kommentare\t\t<\/span>\n\t\t\t\t<\/div>\n\t\t\t\t\t<\/div>\n\t\t<\/article>\n\t\t\t\t<\/div>\n\t\t\n\t\t\t\t\t\t<\/div>\n\t\t\t\t<\/div>\n\t\t\t\t\t<\/div>\n\t\t\t\t<\/div>\n\t\t\t\t<\/div>\n\t\t","protected":false},"excerpt":{"rendered":"<p>Blog NEUIGKEITEN AUS BUNYOLA<\/p>\n","protected":false},"author":2,"featured_media":0,"parent":0,"menu_order":0,"comment_status":"closed","ping_status":"closed","template":"","meta":{"_acf_changed":false,"footnotes":""},"class_list":["post-1674","page","type-page","status-publish","hentry"],"acf":[],"_links":{"self":[{"href":"https:\/\/www.visitbunyola.com\/de\/wp-json\/wp\/v2\/pages\/1674","targetHints":{"allow":["GET"]}}],"collection":[{"href":"https:\/\/www.visitbunyola.com\/de\/wp-json\/wp\/v2\/pages"}],"about":[{"href":"https:\/\/www.visitbunyola.com\/de\/wp-json\/wp\/v2\/types\/page"}],"author":[{"embeddable":true,"href":"https:\/\/www.visitbunyola.com\/de\/wp-json\/wp\/v2\/users\/2"}],"replies":[{"embeddable":true,"href":"https:\/\/www.visitbunyola.com\/de\/wp-json\/wp\/v2\/comments?post=1674"}],"version-history":[{"count":6,"href":"https:\/\/www.visitbunyola.com\/de\/wp-json\/wp\/v2\/pages\/1674\/revisions"}],"predecessor-version":[{"id":3136,"href":"https:\/\/www.visitbunyola.com\/de\/wp-json\/wp\/v2\/pages\/1674\/revisions\/3136"}],"wp:attachment":[{"href":"https:\/\/www.visitbunyola.com\/de\/wp-json\/wp\/v2\/media?parent=1674"}],"curies":[{"name":"wp","href":"https:\/\/api.w.org\/{rel}","templated":true}]}}