{"id":1848,"date":"2024-07-31T08:51:48","date_gmt":"2024-07-31T06:51:48","guid":{"rendered":"https:\/\/www.visitbunyola.com\/sa-font-seca\/"},"modified":"2024-09-05T12:52:31","modified_gmt":"2024-09-05T10:52:31","slug":"sa-font-seca","status":"publish","type":"page","link":"https:\/\/www.visitbunyola.com\/de\/sa-font-seca\/","title":{"rendered":"Sa Font Seca"},"content":{"rendered":"\t\t<div data-elementor-type=\"wp-page\" data-elementor-id=\"1848\" class=\"elementor elementor-1848 elementor-425\" data-elementor-post-type=\"page\">\n\t\t\t\t<div class=\"elementor-element elementor-element-84270b6 e-con-full e-flex e-con e-parent\" data-id=\"84270b6\" data-element_type=\"container\" data-settings=\"{&quot;background_background&quot;:&quot;classic&quot;,&quot;jet_parallax_layout_list&quot;:[]}\">\n\t\t\t\t<div class=\"elementor-element elementor-element-0e34e76 elementor-widget elementor-widget-heading\" data-id=\"0e34e76\" data-element_type=\"widget\" data-widget_type=\"heading.default\">\n\t\t\t\t<div class=\"elementor-widget-container\">\n\t\t\t\t\t<h2 class=\"elementor-heading-title elementor-size-default\">Sa Font Seca<\/h2>\t\t\t\t<\/div>\n\t\t\t\t<\/div>\n\t\t\t\t<div class=\"elementor-element elementor-element-d4744eb elementor-widget elementor-widget-heading\" data-id=\"d4744eb\" data-element_type=\"widget\" data-widget_type=\"heading.default\">\n\t\t\t\t<div class=\"elementor-widget-container\">\n\t\t\t\t\t<h3 class=\"elementor-heading-title elementor-size-default\">EIN HISTORISCHES JUWEL IM HERZEN VON BUNYOLA  <\/h3>\t\t\t\t<\/div>\n\t\t\t\t<\/div>\n\t\t\t\t<\/div>\n\t\t<div class=\"elementor-element elementor-element-093b471 e-flex e-con-boxed e-con e-parent\" data-id=\"093b471\" data-element_type=\"container\" data-settings=\"{&quot;jet_parallax_layout_list&quot;:[],&quot;background_background&quot;:&quot;classic&quot;}\">\n\t\t\t\t\t<div class=\"e-con-inner\">\n\t\t\t\t<div class=\"elementor-element elementor-element-b54b85a elementor-view-default elementor-widget elementor-widget-icon\" data-id=\"b54b85a\" data-element_type=\"widget\" data-widget_type=\"icon.default\">\n\t\t\t\t<div class=\"elementor-widget-container\">\n\t\t\t\t\t\t\t<div class=\"elementor-icon-wrapper\">\n\t\t\t<div class=\"elementor-icon\">\n\t\t\t<svg xmlns=\"http:\/\/www.w3.org\/2000\/svg\" width=\"38\" height=\"57.143\" viewBox=\"0 0 38 57.143\"><g id=\"floral-design-of-one-leaf-on-a-curved-line-of-branch\" transform=\"translate(-26.019)\"><path id=\"Trazado_303\" data-name=\"Trazado 303\" d=\"M63.957,22.589C63.693,19.978,61.293,0,49.407,0a11.7,11.7,0,0,0-2.662.322,5.381,5.381,0,0,0-3.269,2.9,4.054,4.054,0,0,0-.214,2.739,9.33,9.33,0,0,0-3.483.806,8.909,8.909,0,0,0-4.756,5.1c-2.021,5.58,1.44,9.82,5.557,14.671a9.035,9.035,0,0,0-8.626,1.232,3.677,3.677,0,0,0-2.224-.76,3.713,3.713,0,1,0,3.712,3.713,3.67,3.67,0,0,0-.453-1.738c3.572-2.442,7.608-1.793,11.428,1.911.062.062.148.054.219.089,4.2,4.484,8.228,9.217,6.838,16.085a10.623,10.623,0,0,1-1.4,3.476.127.127,0,0,0-.043.023c-2.983,2.479-5.939,2.662-8.324.516a4.518,4.518,0,0,1-.344-6.371,3.466,3.466,0,0,1,4.88-.26,2.6,2.6,0,0,1,.19,3.674,1.9,1.9,0,0,1-1.185.6,1.514,1.514,0,1,0-2.925-.621,1.478,1.478,0,0,0,.1.621.782.782,0,0,0,.237.726,3.516,3.516,0,0,0,4.959-.27,4.186,4.186,0,0,0-.31-5.915,5.054,5.054,0,0,0-7.124.374,6.11,6.11,0,0,0,.461,8.613,6.868,6.868,0,0,0,4.67,1.911,7.02,7.02,0,0,0,1.23-.128,12.281,12.281,0,0,1-9.809.885,9.9,9.9,0,0,1-6.47-12.4.794.794,0,1,0-1.516-.473,11.486,11.486,0,0,0,7.509,14.39,15,15,0,0,0,4.482.7,13.129,13.129,0,0,0,6.695-1.777,11.818,11.818,0,0,0,5.6-7.987c1.628-8.08-3.484-13.5-7.993-18.281-1.033-1.1-2.056-2.181-2.994-3.284-4.65-5.476-7.2-8.8-5.531-13.406a7.253,7.253,0,0,1,2.755-3.525,6.925,6.925,0,0,0-.635,5.743c1.293,4.959,5.383,5.928,12.009,5.928h0c.468,0,.951-.006,1.455-.015l.384,0c2.351,0,5.226.373,10.324,3.071h0a.816.816,0,0,0,.285.072c.033,0,.056.021.087.021H63.2a.8.8,0,0,0,.815-.794A.716.716,0,0,0,63.957,22.589ZM29.73,32.847a2.122,2.122,0,1,1,2.123-2.124A2.125,2.125,0,0,1,29.73,32.847ZM49.225,18.931c-.97-.028-1.86-.079-2.642-.169l1.95-10.118a18.189,18.189,0,0,1,2.01,1.31ZM52.587,2.243A9.116,9.116,0,0,1,55,3.831L48.113,6.7a8.861,8.861,0,0,0-2.056-.624L52.4,2.406A.944.944,0,0,0,52.587,2.243ZM44.724,7.628a7.712,7.712,0,0,1,1.781.441.809.809,0,0,0,.524,0L45.02,18.51a8.269,8.269,0,0,1-2.334-.834c0-.006.008-.011.008-.017Zm5.221.032,6.245-2.606A17.432,17.432,0,0,1,58.12,7.9L51.79,8.922A20.958,20.958,0,0,0,49.945,7.66Zm8.813,1.748a.514.514,0,0,0,.1-.04c.369.783.7,1.581.993,2.388l-5.042-.207c-.456-.441-.917-.872-1.381-1.283Zm-.753,5.5c-.5-.568-1.019-1.139-1.552-1.7l3.949.163c.245.779.46,1.54.652,2.284l-2.906-.741A.6.6,0,0,0,58.005,14.913Zm-2.765-.673c.626.665,1.242,1.342,1.835,2.026l-.433,3.19a18.592,18.592,0,0,0-1.979-.369ZM58.457,17.9c.855,1.046,1.635,2.056,2.326,2.982a27.736,27.736,0,0,0-2.6-.989Zm1.272-.941,1.744.444c.194.874.349,1.679.473,2.4C61.326,18.969,60.582,18.006,59.73,16.961ZM47.112,1.869a9.978,9.978,0,0,1,2.295-.28,7.725,7.725,0,0,1,1.046.107L44.707,5.023a2.505,2.505,0,0,1,.221-1.154A3.821,3.821,0,0,1,47.112,1.869Zm-6.5,7.871a5.316,5.316,0,0,1,2.443-1.881l-1.76,8.7a5.972,5.972,0,0,1-1.118-2.324A5.426,5.426,0,0,1,40.607,9.74Zm11.469,9.213c-.434.008-.846.011-1.253.011l1.156-7.853q.923.79,1.832,1.681l-.735,6.194c-.2-.006-.382-.037-.578-.037Z\" fill=\"#967145\"><\/path><\/g><\/svg>\t\t\t<\/div>\n\t\t<\/div>\n\t\t\t\t\t\t<\/div>\n\t\t\t\t<\/div>\n\t\t\t\t<div class=\"elementor-element elementor-element-0bba976 elementor-widget elementor-widget-heading\" data-id=\"0bba976\" data-element_type=\"widget\" data-widget_type=\"heading.default\">\n\t\t\t\t<div class=\"elementor-widget-container\">\n\t\t\t\t\t<h2 class=\"elementor-heading-title elementor-size-default\">Sa Font Seca<\/h2>\t\t\t\t<\/div>\n\t\t\t\t<\/div>\n\t\t\t\t<div class=\"elementor-element elementor-element-26d7d53 elementor-widget elementor-widget-heading\" data-id=\"26d7d53\" data-element_type=\"widget\" data-widget_type=\"heading.default\">\n\t\t\t\t<div class=\"elementor-widget-container\">\n\t\t\t\t\t<h2 class=\"elementor-heading-title elementor-size-default\">Eine geschichtstr\u00e4chtige Vergangenheit<\/h2>\t\t\t\t<\/div>\n\t\t\t\t<\/div>\n\t\t\t\t<div class=\"elementor-element elementor-element-b423053 elementor-widget elementor-widget-text-editor\" data-id=\"b423053\" data-element_type=\"widget\" data-widget_type=\"text-editor.default\">\n\t\t\t\t<div class=\"elementor-widget-container\">\n\t\t\t\t\t\t\t\t\t<p><strong>Sa Font Seca, ein historisches Anwesen in Bunyola, zeichnet sich durch seine architektonische Sch\u00f6nheit und seine privilegierte nat\u00fcrliche Umgebung aus. Urspr\u00fcnglich eines der gr\u00f6\u00dften Anwesen der Region, wurde Sa Font Seca in den 1960er Jahren aufgeteilt, so dass nur noch die Haupth\u00e4user und etwa 30.000 Quadratmeter Land \u00fcbrig blieben. Heute finden hier kulturelle und gesellschaftliche Veranstaltungen statt und die reiche Tradition bleibt erhalten.  <\/strong><\/p>\n\t\t\t\t\t\t\t\t<\/div>\n\t\t\t\t<\/div>\n\t\t\t\t<div class=\"elementor-element elementor-element-8490383 elementor-widget elementor-widget-text-editor\" data-id=\"8490383\" data-element_type=\"widget\" data-widget_type=\"text-editor.default\">\n\t\t\t\t<div class=\"elementor-widget-container\">\n\t\t\t\t\t\t\t\t\t<p>Sa Font Seca stammt aus dem Jahr 1581 und ist ein Sommeranwesen, das einst die Ferienresidenz der Herren war. Das Anwesen war in den 1930er Jahren im Besitz des Obsth\u00e4ndlers Crist\u00f3bal Colom Llad\u00f3 und wurde sp\u00e4ter von seinen Nachkommen geerbt, die es unterteilten, wodurch die Wohnsiedlungen Palmanyola und Font Seca entstanden. <\/p>\n\t\t\t\t\t\t\t\t<\/div>\n\t\t\t\t<\/div>\n\t\t\t\t\t<\/div>\n\t\t\t\t<\/div>\n\t\t<div class=\"elementor-element elementor-element-54a8fa4 e-con-full e-flex e-con e-parent\" data-id=\"54a8fa4\" data-element_type=\"container\" data-settings=\"{&quot;background_background&quot;:&quot;classic&quot;,&quot;jet_parallax_layout_list&quot;:[]}\">\n\t\t\t\t<\/div>\n\t\t<div class=\"elementor-element elementor-element-8a4f6af e-flex e-con-boxed e-con e-parent\" data-id=\"8a4f6af\" data-element_type=\"container\" data-settings=\"{&quot;jet_parallax_layout_list&quot;:[]}\">\n\t\t\t\t\t<div class=\"e-con-inner\">\n\t\t\t\t<div class=\"elementor-element elementor-element-84bac15 elementor-widget elementor-widget-heading\" data-id=\"84bac15\" data-element_type=\"widget\" data-widget_type=\"heading.default\">\n\t\t\t\t<div class=\"elementor-widget-container\">\n\t\t\t\t\t<h2 class=\"elementor-heading-title elementor-size-default\">Was kann man in Sa Font Seca sehen?  <\/h2>\t\t\t\t<\/div>\n\t\t\t\t<\/div>\n\t\t\t\t<div class=\"elementor-element elementor-element-287d5e4 elementor-widget elementor-widget-heading\" data-id=\"287d5e4\" data-element_type=\"widget\" data-widget_type=\"heading.default\">\n\t\t\t\t<div class=\"elementor-widget-container\">\n\t\t\t\t\t<h2 class=\"elementor-heading-title elementor-size-default\">Die Party des Viertels<\/h2>\t\t\t\t<\/div>\n\t\t\t\t<\/div>\n\t\t\t\t<div class=\"elementor-element elementor-element-9480a07 elementor-widget elementor-widget-text-editor\" data-id=\"9480a07\" data-element_type=\"widget\" data-widget_type=\"text-editor.default\">\n\t\t\t\t<div class=\"elementor-widget-container\">\n\t\t\t\t\t\t\t\t\t<p>Eine der herausragendsten Traditionen von Sa Font Seca ist das <strong>Quarter\u00f3-Festival<\/strong> , das seit elf Jahren j\u00e4hrlich von der Bunyola Dance School gefeiert wird. Diese Party, die ihren Ursprung in einem alten Brauch der Bunyola-Besitzt\u00fcmer hat, bringt die Gemeinschaft zusammen, um eine Mahlzeit mit Heringen und einem Liter Wein (16 Liter) zu genie\u00dfen, gefolgt von Volkst\u00e4nzen, um die festliche Stimmung der Erntezeit aufrechtzuerhalten <\/p>\n\t\t\t\t\t\t\t\t<\/div>\n\t\t\t\t<\/div>\n\t\t\t\t\t<\/div>\n\t\t\t\t<\/div>\n\t\t<div class=\"elementor-element elementor-element-9fdf872 e-flex e-con-boxed e-con e-parent\" data-id=\"9fdf872\" data-element_type=\"container\" data-settings=\"{&quot;jet_parallax_layout_list&quot;:[],&quot;background_background&quot;:&quot;classic&quot;}\">\n\t\t\t\t\t<div class=\"e-con-inner\">\n\t\t\t\t<div class=\"elementor-element elementor-element-e05293c elementor-widget elementor-widget-heading\" data-id=\"e05293c\" data-element_type=\"widget\" data-widget_type=\"heading.default\">\n\t\t\t\t<div class=\"elementor-widget-container\">\n\t\t\t\t\t<h2 class=\"elementor-heading-title elementor-size-default\">Einzigartiger Raum f\u00fcr Veranstaltungen<\/h2>\t\t\t\t<\/div>\n\t\t\t\t<\/div>\n\t\t\t\t<div class=\"elementor-element elementor-element-21774ab elementor-widget elementor-widget-heading\" data-id=\"21774ab\" data-element_type=\"widget\" data-widget_type=\"heading.default\">\n\t\t\t\t<div class=\"elementor-widget-container\">\n\t\t\t\t\t<h2 class=\"elementor-heading-title elementor-size-default\">SES-H\u00c4USER AUS SA FONT SECA<\/h2>\t\t\t\t<\/div>\n\t\t\t\t<\/div>\n\t\t\t\t<div class=\"elementor-element elementor-element-f2696a6 elementor-widget elementor-widget-text-editor\" data-id=\"f2696a6\" data-element_type=\"widget\" data-widget_type=\"text-editor.default\">\n\t\t\t\t<div class=\"elementor-widget-container\">\n\t\t\t\t\t\t\t\t\t<h4>Die Clastra<\/h4>\n<p>Am Eingang des Herrenhauses aus dem 18. Jahrhundert finden Sie die Clastra, einen rechteckigen Innenhof mit geometrischer Pflasterung und einer achteckigen Zisterne in der Mitte. Dieser Raum ist ideal f\u00fcr Willkommensveranstaltungen mit Aperitifs und Cocktails bei jedem Wetter. <\/p>\n<h4>Gro\u00dfe Halle<\/h4>\n<p>Der Gro\u00dfe Saal, einst das Zentrum der handwerklichen Oliven\u00f6lproduktion, ist heute ein ger\u00e4umiger und warmer Raum f\u00fcr Bankette und B\u00e4lle. Mit hohen Decken, eingerahmt von massiven Holzb\u00f6gen, bietet diese Lounge eine elegante und einladende Atmosph\u00e4re. <\/p>\n<h4>G\u00e4rten und Terrassen<\/h4>\n<p>Der Au\u00dfenbereich von Sa Font Seca bietet mit seinen G\u00e4rten und Stufenterrassen vielf\u00e4ltige M\u00f6glichkeiten f\u00fcr Veranstaltungen. Die breiten Promenaden, umgeben von gr\u00fcnen B\u00e4umen und viel Gr\u00fcn, eignen sich perfekt f\u00fcr Cocktails, Aperitifs und Bankette im Freien. <\/p>\n<h4>Amphitheater<\/h4>\n<p>Ein mit Pergolen bedeckter Korridor f\u00fchrt zum Amphitheater, einem ovalen Raum, der von einheimischer Flora umgeben ist. Dieser besondere Veranstaltungsort ist ideal f\u00fcr standesamtliche Zeremonien oder intime Konzerte und bietet eine famili\u00e4re und magische Atmosph\u00e4re. <\/p>\n<h3> <\/h3>\n\t\t\t\t\t\t\t\t<\/div>\n\t\t\t\t<\/div>\n\t\t<div class=\"elementor-element elementor-element-ccb48c3 e-con-full e-flex e-con e-child\" data-id=\"ccb48c3\" data-element_type=\"container\" data-settings=\"{&quot;jet_parallax_layout_list&quot;:[]}\">\n\t\t<div class=\"elementor-element elementor-element-95e7ff5 e-con-full e-flex e-con e-child\" data-id=\"95e7ff5\" data-element_type=\"container\" data-settings=\"{&quot;background_background&quot;:&quot;classic&quot;,&quot;jet_parallax_layout_list&quot;:[]}\">\n\t\t<div class=\"elementor-element elementor-element-62c95a7 e-con-full e-flex e-con e-child\" data-id=\"62c95a7\" data-element_type=\"container\" data-settings=\"{&quot;jet_parallax_layout_list&quot;:[]}\">\n\t\t<div class=\"elementor-element elementor-element-34e6dd8 e-con-full e-flex e-con e-child\" data-id=\"34e6dd8\" data-element_type=\"container\" data-settings=\"{&quot;jet_parallax_layout_list&quot;:[]}\">\n\t\t\t\t<div class=\"elementor-element elementor-element-c37b508 elementor-widget elementor-widget-heading\" data-id=\"c37b508\" data-element_type=\"widget\" data-widget_type=\"heading.default\">\n\t\t\t\t<div class=\"elementor-widget-container\">\n\t\t\t\t\t<h3 class=\"elementor-heading-title elementor-size-default\">Eine unvergleichliche nat\u00fcrliche Umgebung<\/h3>\t\t\t\t<\/div>\n\t\t\t\t<\/div>\n\t\t\t\t<div class=\"elementor-element elementor-element-2ada25a elementor-widget elementor-widget-text-editor\" data-id=\"2ada25a\" data-element_type=\"widget\" data-widget_type=\"text-editor.default\">\n\t\t\t\t<div class=\"elementor-widget-container\">\n\t\t\t\t\t\t\t\t\t<p><strong>Sa Font Seca liegt am Fu\u00dfe der Serra de Tramuntana, einem UNESCO-Weltkulturerbe, in einer idyllischen Umgebung. Die Quelle, die der Farm ihren Namen gibt, versorgt die Bewohner von Palmanyola mit Wasser und ist ein Beweis f\u00fcr den nat\u00fcrlichen Reichtum der Gegend. <\/strong><\/p>\n\t\t\t\t\t\t\t\t<\/div>\n\t\t\t\t<\/div>\n\t\t\t\t<\/div>\n\t\t\t\t<\/div>\n\t\t\t\t<\/div>\n\t\t\t\t<\/div>\n\t\t<div class=\"elementor-element elementor-element-535abd7 e-con-full e-flex e-con e-child\" data-id=\"535abd7\" data-element_type=\"container\" data-settings=\"{&quot;jet_parallax_layout_list&quot;:[]}\">\n\t\t<div class=\"elementor-element elementor-element-bd19338 e-con-full e-flex e-con e-child\" data-id=\"bd19338\" data-element_type=\"container\" data-settings=\"{&quot;background_background&quot;:&quot;classic&quot;,&quot;jet_parallax_layout_list&quot;:[]}\">\n\t\t<div class=\"elementor-element elementor-element-e196c81 e-con-full e-flex e-con e-child\" data-id=\"e196c81\" data-element_type=\"container\" data-settings=\"{&quot;jet_parallax_layout_list&quot;:[]}\">\n\t\t<div class=\"elementor-element elementor-element-386810c e-con-full e-flex e-con e-child\" data-id=\"386810c\" data-element_type=\"container\" data-settings=\"{&quot;jet_parallax_layout_list&quot;:[]}\">\n\t\t\t\t<div class=\"elementor-element elementor-element-44c9cb3 elementor-widget elementor-widget-heading\" data-id=\"44c9cb3\" data-element_type=\"widget\" data-widget_type=\"heading.default\">\n\t\t\t\t<div class=\"elementor-widget-container\">\n\t\t\t\t\t<h3 class=\"elementor-heading-title elementor-size-default\">Ein charmanter Ort f\u00fcr Ihre Veranstaltung<\/h3>\t\t\t\t<\/div>\n\t\t\t\t<\/div>\n\t\t\t\t<div class=\"elementor-element elementor-element-44c54a7 elementor-widget elementor-widget-text-editor\" data-id=\"44c54a7\" data-element_type=\"widget\" data-widget_type=\"text-editor.default\">\n\t\t\t\t<div class=\"elementor-widget-container\">\n\t\t\t\t\t\t\t\t\t<p><strong>Ses Cases de Sa Font Seca ist mit seiner reichen Geschichte und Vielfalt an R\u00e4umlichkeiten der perfekte Ort, um besondere Ereignisse zu feiern. Von der beeindruckenden Lobby und dem Clastra bis zur Gro\u00dfen Halle und den Au\u00dfeng\u00e4rten bietet jeder Winkel dieses mallorquinischen Anwesens aus dem 17. Jahrhundert einen einzigartigen Rahmen f\u00fcr unvergessliche Erinnerungen. <\/strong><\/p>\n\t\t\t\t\t\t\t\t<\/div>\n\t\t\t\t<\/div>\n\t\t\t\t<\/div>\n\t\t\t\t<\/div>\n\t\t\t\t<\/div>\n\t\t\t\t<\/div>\n\t\t\t\t\t<\/div>\n\t\t\t\t<\/div>\n\t\t\t\t<\/div>\n\t\t","protected":false},"excerpt":{"rendered":"<p>Sa Font Seca EIN HISTORISCHES JUWEL IM HERZEN VON BUNYOLA Sa Font Seca Eine geschichtstr\u00e4chtige Vergangenheit Sa Font Seca, ein historisches Anwesen in Bunyola, zeichnet sich durch seine architektonische Sch\u00f6nheit und seine privilegierte nat\u00fcrliche Umgebung aus. Urspr\u00fcnglich eines der gr\u00f6\u00dften Anwesen der Region, wurde Sa Font Seca in den 1960er Jahren aufgeteilt, so dass nur [&hellip;]<\/p>\n","protected":false},"author":2,"featured_media":0,"parent":0,"menu_order":0,"comment_status":"closed","ping_status":"closed","template":"","meta":{"_acf_changed":false,"footnotes":""},"class_list":["post-1848","page","type-page","status-publish","hentry"],"acf":[],"_links":{"self":[{"href":"https:\/\/www.visitbunyola.com\/de\/wp-json\/wp\/v2\/pages\/1848","targetHints":{"allow":["GET"]}}],"collection":[{"href":"https:\/\/www.visitbunyola.com\/de\/wp-json\/wp\/v2\/pages"}],"about":[{"href":"https:\/\/www.visitbunyola.com\/de\/wp-json\/wp\/v2\/types\/page"}],"author":[{"embeddable":true,"href":"https:\/\/www.visitbunyola.com\/de\/wp-json\/wp\/v2\/users\/2"}],"replies":[{"embeddable":true,"href":"https:\/\/www.visitbunyola.com\/de\/wp-json\/wp\/v2\/comments?post=1848"}],"version-history":[{"count":2,"href":"https:\/\/www.visitbunyola.com\/de\/wp-json\/wp\/v2\/pages\/1848\/revisions"}],"predecessor-version":[{"id":1853,"href":"https:\/\/www.visitbunyola.com\/de\/wp-json\/wp\/v2\/pages\/1848\/revisions\/1853"}],"wp:attachment":[{"href":"https:\/\/www.visitbunyola.com\/de\/wp-json\/wp\/v2\/media?parent=1848"}],"curies":[{"name":"wp","href":"https:\/\/api.w.org\/{rel}","templated":true}]}}