{"id":1897,"date":"2024-07-24T11:51:53","date_gmt":"2024-07-24T09:51:53","guid":{"rendered":"https:\/\/www.visitbunyola.com\/ost\/"},"modified":"2024-09-05T12:52:58","modified_gmt":"2024-09-05T10:52:58","slug":"ost","status":"publish","type":"page","link":"https:\/\/www.visitbunyola.com\/de\/ost\/","title":{"rendered":"Ost"},"content":{"rendered":"\t\t<div data-elementor-type=\"wp-page\" data-elementor-id=\"1897\" class=\"elementor elementor-1897 elementor-199\" data-elementor-post-type=\"page\">\n\t\t\t\t<div class=\"elementor-element elementor-element-53eb42d2 e-con-full e-flex e-con e-parent\" data-id=\"53eb42d2\" data-element_type=\"container\" data-settings=\"{&quot;background_background&quot;:&quot;classic&quot;,&quot;jet_parallax_layout_list&quot;:[]}\">\n\t\t\t\t<div class=\"elementor-element elementor-element-69f10240 elementor-widget elementor-widget-heading\" data-id=\"69f10240\" data-element_type=\"widget\" data-widget_type=\"heading.default\">\n\t\t\t\t<div class=\"elementor-widget-container\">\n\t\t\t\t\t<h2 class=\"elementor-heading-title elementor-size-default\">Ost<\/h2>\t\t\t\t<\/div>\n\t\t\t\t<\/div>\n\t\t\t\t<div class=\"elementor-element elementor-element-246cfc9e elementor-widget elementor-widget-heading\" data-id=\"246cfc9e\" data-element_type=\"widget\" data-widget_type=\"heading.default\">\n\t\t\t\t<div class=\"elementor-widget-container\">\n\t\t\t\t\t<h3 class=\"elementor-heading-title elementor-size-default\">EIN MALLORCA-DORF<\/h3>\t\t\t\t<\/div>\n\t\t\t\t<\/div>\n\t\t\t\t<\/div>\n\t\t<div class=\"elementor-element elementor-element-276ca37e e-flex e-con-boxed e-con e-parent\" data-id=\"276ca37e\" data-element_type=\"container\" data-settings=\"{&quot;jet_parallax_layout_list&quot;:[],&quot;background_background&quot;:&quot;classic&quot;}\">\n\t\t\t\t\t<div class=\"e-con-inner\">\n\t\t\t\t<div class=\"elementor-element elementor-element-1674c1ff elementor-view-default elementor-widget elementor-widget-icon\" data-id=\"1674c1ff\" data-element_type=\"widget\" data-widget_type=\"icon.default\">\n\t\t\t\t<div class=\"elementor-widget-container\">\n\t\t\t\t\t\t\t<div class=\"elementor-icon-wrapper\">\n\t\t\t<div class=\"elementor-icon\">\n\t\t\t<svg xmlns=\"http:\/\/www.w3.org\/2000\/svg\" width=\"38\" height=\"57.143\" viewBox=\"0 0 38 57.143\"><g id=\"floral-design-of-one-leaf-on-a-curved-line-of-branch\" transform=\"translate(-26.019)\"><path id=\"Trazado_303\" data-name=\"Trazado 303\" d=\"M63.957,22.589C63.693,19.978,61.293,0,49.407,0a11.7,11.7,0,0,0-2.662.322,5.381,5.381,0,0,0-3.269,2.9,4.054,4.054,0,0,0-.214,2.739,9.33,9.33,0,0,0-3.483.806,8.909,8.909,0,0,0-4.756,5.1c-2.021,5.58,1.44,9.82,5.557,14.671a9.035,9.035,0,0,0-8.626,1.232,3.677,3.677,0,0,0-2.224-.76,3.713,3.713,0,1,0,3.712,3.713,3.67,3.67,0,0,0-.453-1.738c3.572-2.442,7.608-1.793,11.428,1.911.062.062.148.054.219.089,4.2,4.484,8.228,9.217,6.838,16.085a10.623,10.623,0,0,1-1.4,3.476.127.127,0,0,0-.043.023c-2.983,2.479-5.939,2.662-8.324.516a4.518,4.518,0,0,1-.344-6.371,3.466,3.466,0,0,1,4.88-.26,2.6,2.6,0,0,1,.19,3.674,1.9,1.9,0,0,1-1.185.6,1.514,1.514,0,1,0-2.925-.621,1.478,1.478,0,0,0,.1.621.782.782,0,0,0,.237.726,3.516,3.516,0,0,0,4.959-.27,4.186,4.186,0,0,0-.31-5.915,5.054,5.054,0,0,0-7.124.374,6.11,6.11,0,0,0,.461,8.613,6.868,6.868,0,0,0,4.67,1.911,7.02,7.02,0,0,0,1.23-.128,12.281,12.281,0,0,1-9.809.885,9.9,9.9,0,0,1-6.47-12.4.794.794,0,1,0-1.516-.473,11.486,11.486,0,0,0,7.509,14.39,15,15,0,0,0,4.482.7,13.129,13.129,0,0,0,6.695-1.777,11.818,11.818,0,0,0,5.6-7.987c1.628-8.08-3.484-13.5-7.993-18.281-1.033-1.1-2.056-2.181-2.994-3.284-4.65-5.476-7.2-8.8-5.531-13.406a7.253,7.253,0,0,1,2.755-3.525,6.925,6.925,0,0,0-.635,5.743c1.293,4.959,5.383,5.928,12.009,5.928h0c.468,0,.951-.006,1.455-.015l.384,0c2.351,0,5.226.373,10.324,3.071h0a.816.816,0,0,0,.285.072c.033,0,.056.021.087.021H63.2a.8.8,0,0,0,.815-.794A.716.716,0,0,0,63.957,22.589ZM29.73,32.847a2.122,2.122,0,1,1,2.123-2.124A2.125,2.125,0,0,1,29.73,32.847ZM49.225,18.931c-.97-.028-1.86-.079-2.642-.169l1.95-10.118a18.189,18.189,0,0,1,2.01,1.31ZM52.587,2.243A9.116,9.116,0,0,1,55,3.831L48.113,6.7a8.861,8.861,0,0,0-2.056-.624L52.4,2.406A.944.944,0,0,0,52.587,2.243ZM44.724,7.628a7.712,7.712,0,0,1,1.781.441.809.809,0,0,0,.524,0L45.02,18.51a8.269,8.269,0,0,1-2.334-.834c0-.006.008-.011.008-.017Zm5.221.032,6.245-2.606A17.432,17.432,0,0,1,58.12,7.9L51.79,8.922A20.958,20.958,0,0,0,49.945,7.66Zm8.813,1.748a.514.514,0,0,0,.1-.04c.369.783.7,1.581.993,2.388l-5.042-.207c-.456-.441-.917-.872-1.381-1.283Zm-.753,5.5c-.5-.568-1.019-1.139-1.552-1.7l3.949.163c.245.779.46,1.54.652,2.284l-2.906-.741A.6.6,0,0,0,58.005,14.913Zm-2.765-.673c.626.665,1.242,1.342,1.835,2.026l-.433,3.19a18.592,18.592,0,0,0-1.979-.369ZM58.457,17.9c.855,1.046,1.635,2.056,2.326,2.982a27.736,27.736,0,0,0-2.6-.989Zm1.272-.941,1.744.444c.194.874.349,1.679.473,2.4C61.326,18.969,60.582,18.006,59.73,16.961ZM47.112,1.869a9.978,9.978,0,0,1,2.295-.28,7.725,7.725,0,0,1,1.046.107L44.707,5.023a2.505,2.505,0,0,1,.221-1.154A3.821,3.821,0,0,1,47.112,1.869Zm-6.5,7.871a5.316,5.316,0,0,1,2.443-1.881l-1.76,8.7a5.972,5.972,0,0,1-1.118-2.324A5.426,5.426,0,0,1,40.607,9.74Zm11.469,9.213c-.434.008-.846.011-1.253.011l1.156-7.853q.923.79,1.832,1.681l-.735,6.194c-.2-.006-.382-.037-.578-.037Z\" fill=\"#967145\"><\/path><\/g><\/svg>\t\t\t<\/div>\n\t\t<\/div>\n\t\t\t\t\t\t<\/div>\n\t\t\t\t<\/div>\n\t\t\t\t<div class=\"elementor-element elementor-element-1ee653da elementor-widget elementor-widget-heading\" data-id=\"1ee653da\" data-element_type=\"widget\" data-widget_type=\"heading.default\">\n\t\t\t\t<div class=\"elementor-widget-container\">\n\t\t\t\t\t<h2 class=\"elementor-heading-title elementor-size-default\">Ost<\/h2>\t\t\t\t<\/div>\n\t\t\t\t<\/div>\n\t\t\t\t<div class=\"elementor-element elementor-element-4bf4ca74 elementor-widget elementor-widget-heading\" data-id=\"4bf4ca74\" data-element_type=\"widget\" data-widget_type=\"heading.default\">\n\t\t\t\t<div class=\"elementor-widget-container\">\n\t\t\t\t\t<h2 class=\"elementor-heading-title elementor-size-default\">EIN SPAZIERGANG DURCH DAS DORF  <\/h2>\t\t\t\t<\/div>\n\t\t\t\t<\/div>\n\t\t\t\t<div class=\"elementor-element elementor-element-6aeeda88 elementor-widget elementor-widget-text-editor\" data-id=\"6aeeda88\" data-element_type=\"widget\" data-widget_type=\"text-editor.default\">\n\t\t\t\t<div class=\"elementor-widget-container\">\n\t\t\t\t\t\t\t\t\t<p><strong>Umgeben von der Serra d&#8217;Alf\u00e0bia und dem Puig d&#8217;Alar\u00f3 ist es eine der kleinsten St\u00e4dte im Orient Mallorca. Dieses Dorf liegt im Norden der Gemeinde <a href=\"https:\/\/www.visitbunyola.com\/ca\/\">Bunyola<\/a> und gilt aufgrund seines gro\u00dfen historischen und landschaftlichen Wertes als Kulturgut. <\/strong><\/p>\n\t\t\t\t\t\t\t\t<\/div>\n\t\t\t\t<\/div>\n\t\t\t\t<div class=\"elementor-element elementor-element-67e8a6db elementor-widget elementor-widget-text-editor\" data-id=\"67e8a6db\" data-element_type=\"widget\" data-widget_type=\"text-editor.default\">\n\t\t\t\t<div class=\"elementor-widget-container\">\n\t\t\t\t\t\t\t\t\tEs gibt nur einen Weg, die Geheimnisse des Orients zu entdecken: Schritt f\u00fcr Schritt. Bei einem Spaziergang durch das Dorf k\u00f6nnen Sie wundersch\u00f6ne Berglandschaften und den architektonischen Charme des 14. und 15. Jahrhunderts genie\u00dfen.   \t\t\t\t\t\t\t\t<\/div>\n\t\t\t\t<\/div>\n\t\t\t\t<div class=\"elementor-element elementor-element-55290a6d elementor-align-center elementor-mobile-align-center elementor-widget elementor-widget-button\" data-id=\"55290a6d\" data-element_type=\"widget\" data-widget_type=\"button.default\">\n\t\t\t\t<div class=\"elementor-widget-container\">\n\t\t\t\t\t\t\t\t\t<div class=\"elementor-button-wrapper\">\n\t\t\t\t\t<a class=\"elementor-button elementor-button-link elementor-size-sm\" href=\"https:\/\/www.visitbunyola.com\/wp-content\/uploads\/2024\/07\/rutes-urbanes-orient.jpg\" target=\"_blank\">\n\t\t\t\t\t\t<span class=\"elementor-button-content-wrapper\">\n\t\t\t\t\t\t\t\t\t<span class=\"elementor-button-text\">ROUTE NACH OST HERUNTERLADEN<\/span>\n\t\t\t\t\t<\/span>\n\t\t\t\t\t<\/a>\n\t\t\t\t<\/div>\n\t\t\t\t\t\t\t\t<\/div>\n\t\t\t\t<\/div>\n\t\t\t\t\t<\/div>\n\t\t\t\t<\/div>\n\t\t<div class=\"elementor-element elementor-element-17609dc e-con-full e-flex e-con e-parent\" data-id=\"17609dc\" data-element_type=\"container\" data-settings=\"{&quot;background_background&quot;:&quot;classic&quot;,&quot;jet_parallax_layout_list&quot;:[]}\">\n\t\t\t\t<\/div>\n\t\t<div class=\"elementor-element elementor-element-66b22b3 e-flex e-con-boxed e-con e-parent\" data-id=\"66b22b3\" data-element_type=\"container\" data-settings=\"{&quot;jet_parallax_layout_list&quot;:[]}\">\n\t\t\t\t\t<div class=\"e-con-inner\">\n\t\t\t\t<div class=\"elementor-element elementor-element-5ccc0b85 elementor-widget elementor-widget-heading\" data-id=\"5ccc0b85\" data-element_type=\"widget\" data-widget_type=\"heading.default\">\n\t\t\t\t<div class=\"elementor-widget-container\">\n\t\t\t\t\t<h2 class=\"elementor-heading-title elementor-size-default\">Was kann man im Osten sehen?  <\/h2>\t\t\t\t<\/div>\n\t\t\t\t<\/div>\n\t\t\t\t<div class=\"elementor-element elementor-element-5bded9c2 elementor-widget elementor-widget-heading\" data-id=\"5bded9c2\" data-element_type=\"widget\" data-widget_type=\"heading.default\">\n\t\t\t\t<div class=\"elementor-widget-container\">\n\t\t\t\t\t<h2 class=\"elementor-heading-title elementor-size-default\">POINTS OF INTERESSE<\/h2>\t\t\t\t<\/div>\n\t\t\t\t<\/div>\n\t\t\t\t<div class=\"elementor-element elementor-element-ce52104 elementor-widget elementor-widget-text-editor\" data-id=\"ce52104\" data-element_type=\"widget\" data-widget_type=\"text-editor.default\">\n\t\t\t\t<div class=\"elementor-widget-container\">\n\t\t\t\t\t\t\t\t\t<p>Im h\u00f6chsten Teil des Dorfes stehen <strong>die Kirche Sant Jordi<\/strong> , die im 17. Jahrhundert auf den \u00dcberresten eines Oratoriums erbaut wurde, und <strong>die alte Schule<\/strong> .<\/p>\n<p>Von hier aus empfehlen wir den Abstieg zu den <strong>\u00f6ffentlichen Toiletten<\/strong> , wo man sich gut vorstellen kann, wie das Leben in diesem Bergdorf fr\u00fcher aussah.<\/p>\n<p>Ein weiterer obligatorischer Halt ist an der Hauptstra\u00dfe, wo sich die einzigen zwei <a title=\"Gastronomie\" href=\"https:\/\/www.visitbunyola.com\/restaurants-comercos\/\">Restaurants im Orient<\/a> befinden, einzigartige Orte, um die authentischsten Aromen Mallorcas zu entdecken und wundersch\u00f6ne Ausblicke zu genie\u00dfen.<\/p>\n\t\t\t\t\t\t\t\t<\/div>\n\t\t\t\t<\/div>\n\t\t\t\t\t<\/div>\n\t\t\t\t<\/div>\n\t\t<div class=\"elementor-element elementor-element-77123da3 e-flex e-con-boxed e-con e-parent\" data-id=\"77123da3\" data-element_type=\"container\" data-settings=\"{&quot;jet_parallax_layout_list&quot;:[],&quot;background_background&quot;:&quot;classic&quot;}\">\n\t\t\t\t\t<div class=\"e-con-inner\">\n\t\t\t\t<div class=\"elementor-element elementor-element-1a86b000 elementor-widget elementor-widget-heading\" data-id=\"1a86b000\" data-element_type=\"widget\" data-widget_type=\"heading.default\">\n\t\t\t\t<div class=\"elementor-widget-container\">\n\t\t\t\t\t<h2 class=\"elementor-heading-title elementor-size-default\">Spazierg\u00e4nge in der Natur  <\/h2>\t\t\t\t<\/div>\n\t\t\t\t<\/div>\n\t\t\t\t<div class=\"elementor-element elementor-element-329cc835 elementor-widget elementor-widget-heading\" data-id=\"329cc835\" data-element_type=\"widget\" data-widget_type=\"heading.default\">\n\t\t\t\t<div class=\"elementor-widget-container\">\n\t\t\t\t\t<h2 class=\"elementor-heading-title elementor-size-default\">AUS DEM OSTEN  <\/h2>\t\t\t\t<\/div>\n\t\t\t\t<\/div>\n\t\t\t\t<div class=\"elementor-element elementor-element-2310c0e4 elementor-widget elementor-widget-text-editor\" data-id=\"2310c0e4\" data-element_type=\"widget\" data-widget_type=\"text-editor.default\">\n\t\t\t\t<div class=\"elementor-widget-container\">\n\t\t\t\t\t\t\t\t\t\n<strong>Die nat\u00fcrliche Sch\u00f6nheit der Umgebung des Orients l\u00e4dt zu angenehmen Ausfl\u00fcgen und ausgedehnten Spazierg\u00e4ngen ein. Wenige Kilometer vom Dorf entfernt finden Sie \u00fcberraschende Enklaven. <\/strong>\n\n\t\t\t\t\t\t\t\t<\/div>\n\t\t\t\t<\/div>\n\t\t<div class=\"elementor-element elementor-element-1be141e4 e-con-full e-flex e-con e-child\" data-id=\"1be141e4\" data-element_type=\"container\" data-settings=\"{&quot;jet_parallax_layout_list&quot;:[]}\">\n\t\t<div class=\"elementor-element elementor-element-684a7141 e-con-full e-flex e-con e-child\" data-id=\"684a7141\" data-element_type=\"container\" data-settings=\"{&quot;background_background&quot;:&quot;classic&quot;,&quot;jet_parallax_layout_list&quot;:[]}\">\n\t\t<div class=\"elementor-element elementor-element-617a6acb e-con-full e-flex e-con e-child\" data-id=\"617a6acb\" data-element_type=\"container\" data-settings=\"{&quot;jet_parallax_layout_list&quot;:[]}\">\n\t\t<div class=\"elementor-element elementor-element-710aea82 e-con-full e-flex e-con e-child\" data-id=\"710aea82\" data-element_type=\"container\" data-settings=\"{&quot;jet_parallax_layout_list&quot;:[]}\">\n\t\t\t\t<div class=\"elementor-element elementor-element-13db6e20 elementor-widget elementor-widget-heading\" data-id=\"13db6e20\" data-element_type=\"widget\" data-widget_type=\"heading.default\">\n\t\t\t\t<div class=\"elementor-widget-container\">\n\t\t\t\t\t<h3 class=\"elementor-heading-title elementor-size-default\">Das Salt des Freu  <\/h3>\t\t\t\t<\/div>\n\t\t\t\t<\/div>\n\t\t\t\t<div class=\"elementor-element elementor-element-6318893b elementor-widget elementor-widget-text-editor\" data-id=\"6318893b\" data-element_type=\"widget\" data-widget_type=\"text-editor.default\">\n\t\t\t\t<div class=\"elementor-widget-container\">\n\t\t\t\t\t\t\t\t\t<p><strong>Von Orient aus k\u00f6nnen Sie Salt des Freu in einem einfachen 25-min\u00fctigen Ausflug erreichen, einen unglaublichen nat\u00fcrlichen Wasserfall, umgeben von einem wundersch\u00f6nen Wald aus Eichen, Pinien und Olivenb\u00e4umen. W\u00e4hrend der Regenzeit wird Salt des Freu ohne Zweifel zu einem der sch\u00f6nsten Orte auf Mallorca. <\/strong><\/p>\n\t\t\t\t\t\t\t\t<\/div>\n\t\t\t\t<\/div>\n\t\t\t\t<\/div>\n\t\t\t\t<\/div>\n\t\t\t\t<\/div>\n\t\t\t\t<\/div>\n\t\t<div class=\"elementor-element elementor-element-7ee89daf e-con-full e-flex e-con e-child\" data-id=\"7ee89daf\" data-element_type=\"container\" data-settings=\"{&quot;jet_parallax_layout_list&quot;:[]}\">\n\t\t<div class=\"elementor-element elementor-element-583b3515 e-con-full e-flex e-con e-child\" data-id=\"583b3515\" data-element_type=\"container\" data-settings=\"{&quot;background_background&quot;:&quot;classic&quot;,&quot;jet_parallax_layout_list&quot;:[]}\">\n\t\t<div class=\"elementor-element elementor-element-6a45c6 e-con-full e-flex e-con e-child\" data-id=\"6a45c6\" data-element_type=\"container\" data-settings=\"{&quot;jet_parallax_layout_list&quot;:[]}\">\n\t\t<div class=\"elementor-element elementor-element-35511b87 e-con-full e-flex e-con e-child\" data-id=\"35511b87\" data-element_type=\"container\" data-settings=\"{&quot;jet_parallax_layout_list&quot;:[]}\">\n\t\t\t\t<div class=\"elementor-element elementor-element-44f324ec elementor-widget elementor-widget-heading\" data-id=\"44f324ec\" data-element_type=\"widget\" data-widget_type=\"heading.default\">\n\t\t\t\t<div class=\"elementor-widget-container\">\n\t\t\t\t\t<h3 class=\"elementor-heading-title elementor-size-default\">Schloss von Alar\u00f3  <\/h3>\t\t\t\t<\/div>\n\t\t\t\t<\/div>\n\t\t\t\t<div class=\"elementor-element elementor-element-77f979ab elementor-widget elementor-widget-text-editor\" data-id=\"77f979ab\" data-element_type=\"widget\" data-widget_type=\"text-editor.default\">\n\t\t\t\t<div class=\"elementor-widget-container\">\n\t\t\t\t\t\t\t\t\t<p><strong>Ein weiterer unverzichtbarer Ausflug aus dem Osten f\u00fchrt Sie zur Burg Alar\u00f3. Auf der Spitze eines H\u00fcgels gelegen, haben Sie von den Ruinen dieser Burg aus einen unbeschreiblichen Panoramablick, den Sie mit einem k\u00f6stlichen Kaffee oder einem Piscolabis in der Schutzh\u00fctte, die Sie oben finden, begleiten k\u00f6nnen. <\/strong><\/p>\n\t\t\t\t\t\t\t\t<\/div>\n\t\t\t\t<\/div>\n\t\t\t\t<\/div>\n\t\t\t\t<\/div>\n\t\t\t\t<\/div>\n\t\t\t\t<\/div>\n\t\t\t\t\t<\/div>\n\t\t\t\t<\/div>\n\t\t\t\t<\/div>\n\t\t","protected":false},"excerpt":{"rendered":"<p>Ost EIN MALLORCA-DORF Ost EIN SPAZIERGANG DURCH DAS DORF Umgeben von der Serra d&#8217;Alf\u00e0bia und dem Puig d&#8217;Alar\u00f3 ist es eine der kleinsten St\u00e4dte im Orient Mallorca. Dieses Dorf liegt im Norden der Gemeinde Bunyola und gilt aufgrund seines gro\u00dfen historischen und landschaftlichen Wertes als Kulturgut. Es gibt nur einen Weg, die Geheimnisse des Orients [&hellip;]<\/p>\n","protected":false},"author":1,"featured_media":0,"parent":0,"menu_order":0,"comment_status":"closed","ping_status":"closed","template":"","meta":{"_acf_changed":false,"footnotes":""},"class_list":["post-1897","page","type-page","status-publish","hentry"],"acf":[],"_links":{"self":[{"href":"https:\/\/www.visitbunyola.com\/de\/wp-json\/wp\/v2\/pages\/1897","targetHints":{"allow":["GET"]}}],"collection":[{"href":"https:\/\/www.visitbunyola.com\/de\/wp-json\/wp\/v2\/pages"}],"about":[{"href":"https:\/\/www.visitbunyola.com\/de\/wp-json\/wp\/v2\/types\/page"}],"author":[{"embeddable":true,"href":"https:\/\/www.visitbunyola.com\/de\/wp-json\/wp\/v2\/users\/1"}],"replies":[{"embeddable":true,"href":"https:\/\/www.visitbunyola.com\/de\/wp-json\/wp\/v2\/comments?post=1897"}],"version-history":[{"count":1,"href":"https:\/\/www.visitbunyola.com\/de\/wp-json\/wp\/v2\/pages\/1897\/revisions"}],"predecessor-version":[{"id":1899,"href":"https:\/\/www.visitbunyola.com\/de\/wp-json\/wp\/v2\/pages\/1897\/revisions\/1899"}],"wp:attachment":[{"href":"https:\/\/www.visitbunyola.com\/de\/wp-json\/wp\/v2\/media?parent=1897"}],"curies":[{"name":"wp","href":"https:\/\/api.w.org\/{rel}","templated":true}]}}