{"id":1883,"date":"2024-07-26T09:05:39","date_gmt":"2024-07-26T07:05:39","guid":{"rendered":"https:\/\/www.visitbunyola.com\/rutas-senderistas\/"},"modified":"2024-09-06T16:36:12","modified_gmt":"2024-09-06T14:36:12","slug":"rutas-senderistas","status":"publish","type":"page","link":"https:\/\/www.visitbunyola.com\/es\/rutas-senderistas\/","title":{"rendered":"Rutas Senderistas"},"content":{"rendered":"\t\t<div data-elementor-type=\"wp-page\" data-elementor-id=\"1883\" class=\"elementor elementor-1883 elementor-321\" data-elementor-post-type=\"page\">\n\t\t\t\t<div class=\"elementor-element elementor-element-31e0ebd7 e-con-full e-flex e-con e-parent\" data-id=\"31e0ebd7\" data-element_type=\"container\" data-settings=\"{&quot;background_background&quot;:&quot;classic&quot;,&quot;jet_parallax_layout_list&quot;:[]}\">\n\t\t\t\t<div class=\"elementor-element elementor-element-219fd7cc elementor-widget elementor-widget-heading\" data-id=\"219fd7cc\" data-element_type=\"widget\" data-widget_type=\"heading.default\">\n\t\t\t\t<div class=\"elementor-widget-container\">\n\t\t\t\t\t<h2 class=\"elementor-heading-title elementor-size-default\">Senderismo<\/h2>\t\t\t\t<\/div>\n\t\t\t\t<\/div>\n\t\t\t\t<div class=\"elementor-element elementor-element-315e719d elementor-widget elementor-widget-heading\" data-id=\"315e719d\" data-element_type=\"widget\" data-widget_type=\"heading.default\">\n\t\t\t\t<div class=\"elementor-widget-container\">\n\t\t\t\t\t<h3 class=\"elementor-heading-title elementor-size-default\">A BUNYOLA Y ALREDEDORES  <\/h3>\t\t\t\t<\/div>\n\t\t\t\t<\/div>\n\t\t\t\t<\/div>\n\t\t<div class=\"elementor-element elementor-element-6f8bbf34 e-flex e-con-boxed e-con e-parent\" data-id=\"6f8bbf34\" data-element_type=\"container\" data-settings=\"{&quot;jet_parallax_layout_list&quot;:[],&quot;background_background&quot;:&quot;classic&quot;}\">\n\t\t\t\t\t<div class=\"e-con-inner\">\n\t\t\t\t<div class=\"elementor-element elementor-element-2a24a91e elementor-widget elementor-widget-heading\" data-id=\"2a24a91e\" data-element_type=\"widget\" data-widget_type=\"heading.default\">\n\t\t\t\t<div class=\"elementor-widget-container\">\n\t\t\t\t\t<h2 class=\"elementor-heading-title elementor-size-default\">Excursiones  <\/h2>\t\t\t\t<\/div>\n\t\t\t\t<\/div>\n\t\t\t\t<div class=\"elementor-element elementor-element-29702685 elementor-widget elementor-widget-heading\" data-id=\"29702685\" data-element_type=\"widget\" data-widget_type=\"heading.default\">\n\t\t\t\t<div class=\"elementor-widget-container\">\n\t\t\t\t\t<h2 class=\"elementor-heading-title elementor-size-default\">PARA DESCUBRIR BUNYOLA<\/h2>\t\t\t\t<\/div>\n\t\t\t\t<\/div>\n\t\t\t\t<div class=\"elementor-element elementor-element-2c364358 elementor-widget elementor-widget-text-editor\" data-id=\"2c364358\" data-element_type=\"widget\" data-widget_type=\"text-editor.default\">\n\t\t\t\t<div class=\"elementor-widget-container\">\n\t\t\t\t\t\t\t\t\t<p><strong><a title=\"Bu\u00f1ola\" href=\"https:\/\/www.visitbunyola.com\/ca\/\">Bunyola<\/a> , en plena Sierra de Tramuntana, es uno de los mejores destinos de Mallorca para la pr\u00e1ctica del senderismo. Sus caminos de monta\u00f1a, senderos, valles y torrentes forman paisajes naturales dignos de postal. <\/strong><\/p>\n\t\t\t\t\t\t\t\t<\/div>\n\t\t\t\t<\/div>\n\t\t\t\t<div class=\"elementor-element elementor-element-2e9c074c elementor-widget elementor-widget-text-editor\" data-id=\"2e9c074c\" data-element_type=\"widget\" data-widget_type=\"text-editor.default\">\n\t\t\t\t<div class=\"elementor-widget-container\">\n\t\t\t\t\t\t\t\t\t<p>Te proponemos a continuaci\u00f3n rutas senderistas para todos los niveles a trav\u00e9s de las cuales podr\u00e1s descubrir enclaves con mucho encanto, como el salt des\u00a0 Freu o el castillo de Alar\u00f3.<\/p>\t\t\t\t\t\t\t\t<\/div>\n\t\t\t\t<\/div>\n\t\t\t\t<div class=\"elementor-element elementor-element-4cc3b571 elementor-widget elementor-widget-heading\" data-id=\"4cc3b571\" data-element_type=\"widget\" data-widget_type=\"heading.default\">\n\t\t\t\t<div class=\"elementor-widget-container\">\n\t\t\t\t\t<h5 class=\"elementor-heading-title elementor-size-default\">Anda por Bunyola  <\/h5>\t\t\t\t<\/div>\n\t\t\t\t<\/div>\n\t\t\t\t\t<\/div>\n\t\t\t\t<\/div>\n\t\t<div class=\"elementor-element elementor-element-400274d2 e-flex e-con-boxed e-con e-parent\" data-id=\"400274d2\" data-element_type=\"container\" data-settings=\"{&quot;jet_parallax_layout_list&quot;:[]}\">\n\t\t\t\t\t<div class=\"e-con-inner\">\n\t\t\t\t<div class=\"elementor-element elementor-element-5a377fd8 elementor-widget elementor-widget-heading\" data-id=\"5a377fd8\" data-element_type=\"widget\" data-widget_type=\"heading.default\">\n\t\t\t\t<div class=\"elementor-widget-container\">\n\t\t\t\t\t<h2 class=\"elementor-heading-title elementor-size-default\">Rutas senderistas  <\/h2>\t\t\t\t<\/div>\n\t\t\t\t<\/div>\n\t\t\t\t<div class=\"elementor-element elementor-element-557720ac elementor-widget elementor-widget-heading\" data-id=\"557720ac\" data-element_type=\"widget\" data-widget_type=\"heading.default\">\n\t\t\t\t<div class=\"elementor-widget-container\">\n\t\t\t\t\t<h2 class=\"elementor-heading-title elementor-size-default\">PARA TODOS LOS NIVELES  <\/h2>\t\t\t\t<\/div>\n\t\t\t\t<\/div>\n\t\t\t\t\t<\/div>\n\t\t\t\t<\/div>\n\t\t<div class=\"elementor-element elementor-element-4791d0c9 e-flex e-con-boxed e-con e-parent\" data-id=\"4791d0c9\" data-element_type=\"container\" data-settings=\"{&quot;jet_parallax_layout_list&quot;:[]}\">\n\t\t\t\t\t<div class=\"e-con-inner\">\n\t\t<div class=\"elementor-element elementor-element-d964601 e-con-full e-flex e-con e-child\" data-id=\"d964601\" data-element_type=\"container\" data-settings=\"{&quot;background_background&quot;:&quot;classic&quot;,&quot;jet_parallax_layout_list&quot;:[]}\">\n\t\t\t\t<div class=\"elementor-element elementor-element-7de614 elementor-cta--layout-image-above elementor-cta--valign-top elementor-cta--skin-classic elementor-animated-content elementor-bg-transform elementor-bg-transform-zoom-in elementor-widget elementor-widget-call-to-action\" data-id=\"7de614\" data-element_type=\"widget\" data-widget_type=\"call-to-action.default\">\n\t\t\t\t<div class=\"elementor-widget-container\">\n\t\t\t\t\t\t\t<div class=\"elementor-cta\">\n\t\t\t\t\t<div class=\"elementor-cta__bg-wrapper\">\n\t\t\t\t<div class=\"elementor-cta__bg elementor-bg\" style=\"background-image: url(https:\/\/www.visitbunyola.com\/wp-content\/uploads\/2024\/07\/camino.jpg);\" role=\"img\" aria-label=\"camino\"><\/div>\n\t\t\t\t<div class=\"elementor-cta__bg-overlay\"><\/div>\n\t\t\t<\/div>\n\t\t\t\t\t\t\t<div class=\"elementor-cta__content\">\n\t\t\t\t\n\t\t\t\t\t\t\t\t\t<h3 class=\"elementor-cta__title elementor-cta__content-item elementor-content-item\">\n\t\t\t\t\t\tCom\u00fan de Bunyola\t\t\t\t\t<\/h3>\n\t\t\t\t\n\t\t\t\t\t\t\t\t\t<div class=\"elementor-cta__description elementor-cta__content-item elementor-content-item\">\n\t\t\t\t\t\t<p>El bosque de <a href=\"#\">Sa Comuna de Bunyola<\/a> es ideal para practicar el senderismo. En sus caminos encontrar\u00e1s rutas senderistas de todos los niveles a trav\u00e9s de las cuales podr\u00e1s descubrir la naturaleza de la sierra. Algunos de estos itinerarios tienen un gran valor hist\u00f3rico gracias a los restos etnol\u00f3gicos que encontrar\u00e1s durante el recorrido: antiguos hornos de pan y cal, barracas de carbonero, silos\u2026    <\/p>\n<div><strong>DIFICULTAD<\/strong> : F\u00e1cil \/ Media<\/div>\n<p><\/p>\n<div><strong>DURACI\u00d3N APROXIMADA<\/strong> : 1h 30 min \/ 6h<\/div>\n<p><\/p>\n\t\t\t\t\t<\/div>\n\t\t\t\t\n\t\t\t\t\t\t\t\t\t<div class=\"elementor-cta__button-wrapper elementor-cta__content-item elementor-content-item \">\n\t\t\t\t\t<a class=\"elementor-cta__button elementor-button elementor-size-\" href=\"https:\/\/www.visitbunyola.com\/sa-comuna\/\" target=\"_blank\">\n\t\t\t\t\t\tVER LAS RUTAS\t\t\t\t\t<\/a>\n\t\t\t\t\t<\/div>\n\t\t\t\t\t\t\t<\/div>\n\t\t\t\t\t\t\t<div class=\"elementor-ribbon elementor-ribbon-left\">\n\t\t\t\t<div class=\"elementor-ribbon-inner\">01<\/div>\n\t\t\t<\/div>\n\t\t\t\t<\/div>\n\t\t\t\t\t\t<\/div>\n\t\t\t\t<\/div>\n\t\t\t\t<\/div>\n\t\t<div class=\"elementor-element elementor-element-75091ecd e-con-full e-flex e-con e-child\" data-id=\"75091ecd\" data-element_type=\"container\" data-settings=\"{&quot;background_background&quot;:&quot;classic&quot;,&quot;jet_parallax_layout_list&quot;:[]}\">\n\t\t\t\t<div class=\"elementor-element elementor-element-7aab5ea4 elementor-cta--layout-image-above elementor-cta--valign-top elementor-cta--skin-classic elementor-animated-content elementor-bg-transform elementor-bg-transform-zoom-in elementor-widget elementor-widget-call-to-action\" data-id=\"7aab5ea4\" data-element_type=\"widget\" data-widget_type=\"call-to-action.default\">\n\t\t\t\t<div class=\"elementor-widget-container\">\n\t\t\t\t\t\t\t<div class=\"elementor-cta\">\n\t\t\t\t\t<div class=\"elementor-cta__bg-wrapper\">\n\t\t\t\t<div class=\"elementor-cta__bg elementor-bg\" style=\"background-image: url(https:\/\/www.visitbunyola.com\/wp-content\/uploads\/2024\/07\/bg_senal-1024x469.webp);\" role=\"img\" aria-label=\"bg_senal\"><\/div>\n\t\t\t\t<div class=\"elementor-cta__bg-overlay\"><\/div>\n\t\t\t<\/div>\n\t\t\t\t\t\t\t<div class=\"elementor-cta__content\">\n\t\t\t\t\n\t\t\t\t\t\t\t\t\t<h3 class=\"elementor-cta__title elementor-cta__content-item elementor-content-item\">\n\t\t\t\t\t\tCastillo de Alar\u00f3\t\t\t\t\t<\/h3>\n\t\t\t\t\n\t\t\t\t\t\t\t\t\t<div class=\"elementor-cta__description elementor-cta__content-item elementor-content-item\">\n\t\t\t\t\t\t<p>Desde la peque\u00f1a aldea de Orient se puede llegar andando hasta el Castillo de Alar\u00f3, uno de los tres castillos \"roquers\" (sobre las rocas) de Mallorca. Una vez en la cima podr\u00e1s pasear entre los restos del castillo y disfrutar de unas maravillosas vistas panor\u00e1micas de la Serra de Tramuntana.   <\/p>\n<div><strong>DIFICULTAD<\/strong> : Media<\/div>\n<p><\/p>\n<div><strong>DURACI\u00d3N APROXIMADA<\/strong> : 3h 30 min<\/div>\n<p><\/p>\n\t\t\t\t\t<\/div>\n\t\t\t\t\n\t\t\t\t\t\t\t\t\t<div class=\"elementor-cta__button-wrapper elementor-cta__content-item elementor-content-item \">\n\t\t\t\t\t<a class=\"elementor-cta__button elementor-button elementor-size-\" href=\"https:\/\/www.visitbunyola.com\/wp-content\/uploads\/2024\/07\/orient-castell_alaro-orient-scaled.jpg\" target=\"_blank\">\n\t\t\t\t\t\tDESCARGAR RUTA\t\t\t\t\t<\/a>\n\t\t\t\t\t<\/div>\n\t\t\t\t\t\t\t<\/div>\n\t\t\t\t\t\t\t<div class=\"elementor-ribbon elementor-ribbon-left\">\n\t\t\t\t<div class=\"elementor-ribbon-inner\">02<\/div>\n\t\t\t<\/div>\n\t\t\t\t<\/div>\n\t\t\t\t\t\t<\/div>\n\t\t\t\t<\/div>\n\t\t\t\t<\/div>\n\t\t\t\t\t<\/div>\n\t\t\t\t<\/div>\n\t\t<div class=\"elementor-element elementor-element-ca5a50 e-flex e-con-boxed e-con e-parent\" data-id=\"ca5a50\" data-element_type=\"container\" data-settings=\"{&quot;jet_parallax_layout_list&quot;:[]}\">\n\t\t\t\t\t<div class=\"e-con-inner\">\n\t\t<div class=\"elementor-element elementor-element-7d6ed26e e-con-full e-flex e-con e-child\" data-id=\"7d6ed26e\" data-element_type=\"container\" data-settings=\"{&quot;background_background&quot;:&quot;classic&quot;,&quot;jet_parallax_layout_list&quot;:[]}\">\n\t\t\t\t<div class=\"elementor-element elementor-element-77cf76e8 elementor-cta--layout-image-above elementor-cta--valign-top elementor-cta--skin-classic elementor-animated-content elementor-bg-transform elementor-bg-transform-zoom-in elementor-widget elementor-widget-call-to-action\" data-id=\"77cf76e8\" data-element_type=\"widget\" data-widget_type=\"call-to-action.default\">\n\t\t\t\t<div class=\"elementor-widget-container\">\n\t\t\t\t\t\t\t<div class=\"elementor-cta\">\n\t\t\t\t\t<div class=\"elementor-cta__bg-wrapper\">\n\t\t\t\t<div class=\"elementor-cta__bg elementor-bg\" style=\"background-image: url(https:\/\/www.visitbunyola.com\/wp-content\/uploads\/2024\/07\/raixa.jpg);\" role=\"img\" aria-label=\"raixa\"><\/div>\n\t\t\t\t<div class=\"elementor-cta__bg-overlay\"><\/div>\n\t\t\t<\/div>\n\t\t\t\t\t\t\t<div class=\"elementor-cta__content\">\n\t\t\t\t\n\t\t\t\t\t\t\t\t\t<h3 class=\"elementor-cta__title elementor-cta__content-item elementor-content-item\">\n\t\t\t\t\t\tRaixa y Raixeta\t\t\t\t\t<\/h3>\n\t\t\t\t\n\t\t\t\t\t\t\t\t\t<div class=\"elementor-cta__description elementor-cta__content-item elementor-content-item\">\n\t\t\t\t\t\t<p>Partiendo desde la finca p\u00fablica de Raixa, y adentr\u00e1ndose en amplios senderos, podr\u00e1s llegar a Raixeta, una antigua finca construida en el a\u00f1o 1750. Aunque de Raixeta, s\u00f3lo quedan las ruinas, se pueden observar elementos originales de la finca, como el escudo de armas de los due\u00f1os de la casa, la familia Despuig. La excursi\u00f3n hasta esta antigua finca es muy sencilla, por lo que es ideal para realizarla en familia.    <\/p>\n<div><strong>DIFICULTAD<\/strong> : Muy F\u00e1cil<\/div>\n<p><\/p>\n<div><strong>DURACI\u00d3N APROXIMADA<\/strong> : 2h 45 min<\/div>\n<p><\/p>\n\t\t\t\t\t<\/div>\n\t\t\t\t\n\t\t\t\t\t\t\t\t\t<div class=\"elementor-cta__button-wrapper elementor-cta__content-item elementor-content-item \">\n\t\t\t\t\t<a class=\"elementor-cta__button elementor-button elementor-size-\" href=\"https:\/\/www.visitbunyola.com\/wp-content\/uploads\/2024\/07\/raixa-raixeta-raixa-scaled.jpg\" target=\"_blank\">\n\t\t\t\t\t\tDESCARGAR RUTA\t\t\t\t\t<\/a>\n\t\t\t\t\t<\/div>\n\t\t\t\t\t\t\t<\/div>\n\t\t\t\t\t\t\t<div class=\"elementor-ribbon elementor-ribbon-left\">\n\t\t\t\t<div class=\"elementor-ribbon-inner\">03<\/div>\n\t\t\t<\/div>\n\t\t\t\t<\/div>\n\t\t\t\t\t\t<\/div>\n\t\t\t\t<\/div>\n\t\t\t\t<\/div>\n\t\t<div class=\"elementor-element elementor-element-19419ac5 e-con-full e-flex e-con e-child\" data-id=\"19419ac5\" data-element_type=\"container\" data-settings=\"{&quot;background_background&quot;:&quot;classic&quot;,&quot;jet_parallax_layout_list&quot;:[]}\">\n\t\t\t\t<div class=\"elementor-element elementor-element-5e1c2adf elementor-cta--layout-image-above elementor-cta--valign-top elementor-cta--skin-classic elementor-animated-content elementor-bg-transform elementor-bg-transform-zoom-in elementor-widget elementor-widget-call-to-action\" data-id=\"5e1c2adf\" data-element_type=\"widget\" data-widget_type=\"call-to-action.default\">\n\t\t\t\t<div class=\"elementor-widget-container\">\n\t\t\t\t\t\t\t<div class=\"elementor-cta\">\n\t\t\t\t\t<div class=\"elementor-cta__bg-wrapper\">\n\t\t\t\t<div class=\"elementor-cta__bg elementor-bg\" style=\"background-image: url(https:\/\/www.visitbunyola.com\/wp-content\/uploads\/2024\/07\/cascada.jpg);\" role=\"img\" aria-label=\"cascada\"><\/div>\n\t\t\t\t<div class=\"elementor-cta__bg-overlay\"><\/div>\n\t\t\t<\/div>\n\t\t\t\t\t\t\t<div class=\"elementor-cta__content\">\n\t\t\t\t\n\t\t\t\t\t\t\t\t\t<h3 class=\"elementor-cta__title elementor-cta__content-item elementor-content-item\">\n\t\t\t\t\t\tSalt des Freu-Orient\t\t\t\t\t<\/h3>\n\t\t\t\t\n\t\t\t\t\t\t\t\t\t<div class=\"elementor-cta__description elementor-cta__content-item elementor-content-item\">\n\t\t\t\t\t\t<p>La cascada natural del salt des Freu y la belleza del bosque de encinares que lo rodean hacen que \u00e9sta sea una de las excursiones m\u00e1s bonitas de la isla. Para llegar a este enclave id\u00edlico se debe pasar por la aldea de Orient, una vez all\u00ed se sube por un camino de vi\u00f1edos hasta el paso de s'Estal\u00f3, el punto m\u00e1s elevado del recorrido. Continuando la ruta, y siempre que sea \u00e9poca de lluvias, pronto oir\u00e1s el agua del torrente, que te indica que est\u00e1s cerca de tu destino.    <\/p>\n<div><strong>DIFICULTAD<\/strong> : F\u00e1cil \/ Media<\/div>\n<p><\/p>\n<div><strong>DURACI\u00d3N APROXIMADA<\/strong> : 2h 30 min \/ 3h<\/div>\n<p><\/p>\n\t\t\t\t\t<\/div>\n\t\t\t\t\n\t\t\t\t\t\t\t\t\t<div class=\"elementor-cta__button-wrapper elementor-cta__content-item elementor-content-item \">\n\t\t\t\t\t<a class=\"elementor-cta__button elementor-button elementor-size-\" href=\"https:\/\/www.visitbunyola.com\/wp-content\/uploads\/2024\/07\/orient-pas_estalo-salt_freu-orient-scaled.jpg\" target=\"_blank\">\n\t\t\t\t\t\tDESCARGAR RUTA\t\t\t\t\t<\/a>\n\t\t\t\t\t<\/div>\n\t\t\t\t\t\t\t<\/div>\n\t\t\t\t\t\t\t<div class=\"elementor-ribbon elementor-ribbon-left\">\n\t\t\t\t<div class=\"elementor-ribbon-inner\">04<\/div>\n\t\t\t<\/div>\n\t\t\t\t<\/div>\n\t\t\t\t\t\t<\/div>\n\t\t\t\t<\/div>\n\t\t\t\t<\/div>\n\t\t\t\t\t<\/div>\n\t\t\t\t<\/div>\n\t\t<div class=\"elementor-element elementor-element-1b8588e e-flex e-con-boxed e-con e-parent\" data-id=\"1b8588e\" data-element_type=\"container\" data-settings=\"{&quot;jet_parallax_layout_list&quot;:[]}\">\n\t\t\t\t\t<div class=\"e-con-inner\">\n\t\t<div class=\"elementor-element elementor-element-9fe010d e-con-full e-flex e-con e-child\" data-id=\"9fe010d\" data-element_type=\"container\" data-settings=\"{&quot;background_background&quot;:&quot;classic&quot;,&quot;jet_parallax_layout_list&quot;:[]}\">\n\t\t\t\t<div class=\"elementor-element elementor-element-052fe70 elementor-cta--layout-image-above elementor-cta--valign-top elementor-cta--skin-classic elementor-animated-content elementor-bg-transform elementor-bg-transform-zoom-in elementor-widget elementor-widget-call-to-action\" data-id=\"052fe70\" data-element_type=\"widget\" data-widget_type=\"call-to-action.default\">\n\t\t\t\t<div class=\"elementor-widget-container\">\n\t\t\t\t\t\t\t<div class=\"elementor-cta\">\n\t\t\t\t\t<div class=\"elementor-cta__bg-wrapper\">\n\t\t\t\t<div class=\"elementor-cta__bg elementor-bg\" style=\"background-image: url(https:\/\/www.visitbunyola.com\/wp-content\/uploads\/2024\/07\/alqueria.jpg);\" role=\"img\" aria-label=\"alqueria\"><\/div>\n\t\t\t\t<div class=\"elementor-cta__bg-overlay\"><\/div>\n\t\t\t<\/div>\n\t\t\t\t\t\t\t<div class=\"elementor-cta__content\">\n\t\t\t\t\n\t\t\t\t\t\t\t\t\t<h3 class=\"elementor-cta__title elementor-cta__content-item elementor-content-item\">\n\t\t\t\t\t\tPuig de s'Alqueria (Sa G\u00fabia)\t\t\t\t\t<\/h3>\n\t\t\t\t\n\t\t\t\t\t\t\t\t\t<div class=\"elementor-cta__description elementor-cta__content-item elementor-content-item\">\n\t\t\t\t\t\t<p>Esta ruta te llevar\u00e1 hasta el monte de s'Alqueria, conocido tambi\u00e9n como Sa G\u00fabia. Una excursi\u00f3n que vale la pena hacer por la belleza del recorrido. Adentr\u00e1ndote por caminos de monta\u00f1a, campos de encinares y olivos llegar\u00e1s a la cima del monte. All\u00ed te recomendamos realizar una parada para contemplar las vistas de la sierra y descansar en los bancos de piedra.     <\/p>\n<div><strong>DIFICULTAD<\/strong> : Muy Media<\/div>\n<p><\/p>\n<div><strong>DURACI\u00d3N APROXIMADA<\/strong> : 4h<\/div>\n<p><\/p>\n\t\t\t\t\t<\/div>\n\t\t\t\t\n\t\t\t\t\t\t\t\t\t<div class=\"elementor-cta__button-wrapper elementor-cta__content-item elementor-content-item \">\n\t\t\t\t\t<a class=\"elementor-cta__button elementor-button elementor-size-\" href=\"https:\/\/www.visitbunyola.com\/wp-content\/uploads\/2024\/07\/puig_alqueria-scaled.jpg\" target=\"_blank\">\n\t\t\t\t\t\tDESCARGAR RUTA\t\t\t\t\t<\/a>\n\t\t\t\t\t<\/div>\n\t\t\t\t\t\t\t<\/div>\n\t\t\t\t\t\t\t<div class=\"elementor-ribbon elementor-ribbon-left\">\n\t\t\t\t<div class=\"elementor-ribbon-inner\">05<\/div>\n\t\t\t<\/div>\n\t\t\t\t<\/div>\n\t\t\t\t\t\t<\/div>\n\t\t\t\t<\/div>\n\t\t\t\t<\/div>\n\t\t<div class=\"elementor-element elementor-element-528cc99 e-con-full e-flex e-con e-child\" data-id=\"528cc99\" data-element_type=\"container\" data-settings=\"{&quot;background_background&quot;:&quot;classic&quot;,&quot;jet_parallax_layout_list&quot;:[]}\">\n\t\t\t\t<\/div>\n\t\t\t\t\t<\/div>\n\t\t\t\t<\/div>\n\t\t\t\t<\/div>\n\t\t","protected":false},"excerpt":{"rendered":"<p>Senderismo A BUNYOLA Y ALREDEDORES Excursiones PARA DESCUBRIR BUNYOLA Bunyola , en plena Sierra de Tramuntana, es uno de los mejores destinos de Mallorca para la pr\u00e1ctica del senderismo. Sus caminos de monta\u00f1a, senderos, valles y torrentes forman paisajes naturales dignos de postal. Te proponemos a continuaci\u00f3n rutas senderistas para todos los niveles a trav\u00e9s [&hellip;]<\/p>\n","protected":false},"author":1,"featured_media":0,"parent":0,"menu_order":0,"comment_status":"closed","ping_status":"closed","template":"","meta":{"_acf_changed":false,"footnotes":""},"class_list":["post-1883","page","type-page","status-publish","hentry"],"acf":[],"_links":{"self":[{"href":"https:\/\/www.visitbunyola.com\/es\/wp-json\/wp\/v2\/pages\/1883","targetHints":{"allow":["GET"]}}],"collection":[{"href":"https:\/\/www.visitbunyola.com\/es\/wp-json\/wp\/v2\/pages"}],"about":[{"href":"https:\/\/www.visitbunyola.com\/es\/wp-json\/wp\/v2\/types\/page"}],"author":[{"embeddable":true,"href":"https:\/\/www.visitbunyola.com\/es\/wp-json\/wp\/v2\/users\/1"}],"replies":[{"embeddable":true,"href":"https:\/\/www.visitbunyola.com\/es\/wp-json\/wp\/v2\/comments?post=1883"}],"version-history":[{"count":4,"href":"https:\/\/www.visitbunyola.com\/es\/wp-json\/wp\/v2\/pages\/1883\/revisions"}],"predecessor-version":[{"id":2056,"href":"https:\/\/www.visitbunyola.com\/es\/wp-json\/wp\/v2\/pages\/1883\/revisions\/2056"}],"wp:attachment":[{"href":"https:\/\/www.visitbunyola.com\/es\/wp-json\/wp\/v2\/media?parent=1883"}],"curies":[{"name":"wp","href":"https:\/\/api.w.org\/{rel}","templated":true}]}}