{"id":1904,"date":"2024-07-24T12:34:09","date_gmt":"2024-07-24T10:34:09","guid":{"rendered":"https:\/\/www.visitbunyola.com\/su-comun\/"},"modified":"2024-09-09T15:02:41","modified_gmt":"2024-09-09T13:02:41","slug":"su-comun","status":"publish","type":"page","link":"https:\/\/www.visitbunyola.com\/es\/su-comun\/","title":{"rendered":"Su Com\u00fan"},"content":{"rendered":"\t\t<div data-elementor-type=\"wp-page\" data-elementor-id=\"1904\" class=\"elementor elementor-1904 elementor-223\" data-elementor-post-type=\"page\">\n\t\t\t\t<div class=\"elementor-element elementor-element-44cbce31 e-con-full e-flex e-con e-parent\" data-id=\"44cbce31\" data-element_type=\"container\" data-settings=\"{&quot;background_background&quot;:&quot;classic&quot;,&quot;jet_parallax_layout_list&quot;:[]}\">\n\t\t\t\t<div class=\"elementor-element elementor-element-3575e725 elementor-widget elementor-widget-heading\" data-id=\"3575e725\" data-element_type=\"widget\" data-widget_type=\"heading.default\">\n\t\t\t\t<div class=\"elementor-widget-container\">\n\t\t\t\t\t<h2 class=\"elementor-heading-title elementor-size-default\">Sa Comuna de Bunyola  <\/h2>\t\t\t\t<\/div>\n\t\t\t\t<\/div>\n\t\t\t\t<div class=\"elementor-element elementor-element-6fee1402 elementor-widget elementor-widget-heading\" data-id=\"6fee1402\" data-element_type=\"widget\" data-widget_type=\"heading.default\">\n\t\t\t\t<div class=\"elementor-widget-container\">\n\t\t\t\t\t<h3 class=\"elementor-heading-title elementor-size-default\">CAMINA POR MALLORCA  <\/h3>\t\t\t\t<\/div>\n\t\t\t\t<\/div>\n\t\t\t\t<\/div>\n\t\t<div class=\"elementor-element elementor-element-655fbe2a e-flex e-con-boxed e-con e-parent\" data-id=\"655fbe2a\" data-element_type=\"container\" data-settings=\"{&quot;jet_parallax_layout_list&quot;:[],&quot;background_background&quot;:&quot;classic&quot;}\">\n\t\t\t\t\t<div class=\"e-con-inner\">\n\t\t\t\t<div class=\"elementor-element elementor-element-587571a2 elementor-view-default elementor-widget elementor-widget-icon\" data-id=\"587571a2\" data-element_type=\"widget\" data-widget_type=\"icon.default\">\n\t\t\t\t<div class=\"elementor-widget-container\">\n\t\t\t\t\t\t\t<div class=\"elementor-icon-wrapper\">\n\t\t\t<div class=\"elementor-icon\">\n\t\t\t<svg xmlns=\"http:\/\/www.w3.org\/2000\/svg\" width=\"38\" height=\"57.143\" viewBox=\"0 0 38 57.143\"><g id=\"floral-design-of-one-leaf-on-a-curved-line-of-branch\" transform=\"translate(-26.019)\"><path id=\"Trazado_303\" data-name=\"Trazado 303\" d=\"M63.957,22.589C63.693,19.978,61.293,0,49.407,0a11.7,11.7,0,0,0-2.662.322,5.381,5.381,0,0,0-3.269,2.9,4.054,4.054,0,0,0-.214,2.739,9.33,9.33,0,0,0-3.483.806,8.909,8.909,0,0,0-4.756,5.1c-2.021,5.58,1.44,9.82,5.557,14.671a9.035,9.035,0,0,0-8.626,1.232,3.677,3.677,0,0,0-2.224-.76,3.713,3.713,0,1,0,3.712,3.713,3.67,3.67,0,0,0-.453-1.738c3.572-2.442,7.608-1.793,11.428,1.911.062.062.148.054.219.089,4.2,4.484,8.228,9.217,6.838,16.085a10.623,10.623,0,0,1-1.4,3.476.127.127,0,0,0-.043.023c-2.983,2.479-5.939,2.662-8.324.516a4.518,4.518,0,0,1-.344-6.371,3.466,3.466,0,0,1,4.88-.26,2.6,2.6,0,0,1,.19,3.674,1.9,1.9,0,0,1-1.185.6,1.514,1.514,0,1,0-2.925-.621,1.478,1.478,0,0,0,.1.621.782.782,0,0,0,.237.726,3.516,3.516,0,0,0,4.959-.27,4.186,4.186,0,0,0-.31-5.915,5.054,5.054,0,0,0-7.124.374,6.11,6.11,0,0,0,.461,8.613,6.868,6.868,0,0,0,4.67,1.911,7.02,7.02,0,0,0,1.23-.128,12.281,12.281,0,0,1-9.809.885,9.9,9.9,0,0,1-6.47-12.4.794.794,0,1,0-1.516-.473,11.486,11.486,0,0,0,7.509,14.39,15,15,0,0,0,4.482.7,13.129,13.129,0,0,0,6.695-1.777,11.818,11.818,0,0,0,5.6-7.987c1.628-8.08-3.484-13.5-7.993-18.281-1.033-1.1-2.056-2.181-2.994-3.284-4.65-5.476-7.2-8.8-5.531-13.406a7.253,7.253,0,0,1,2.755-3.525,6.925,6.925,0,0,0-.635,5.743c1.293,4.959,5.383,5.928,12.009,5.928h0c.468,0,.951-.006,1.455-.015l.384,0c2.351,0,5.226.373,10.324,3.071h0a.816.816,0,0,0,.285.072c.033,0,.056.021.087.021H63.2a.8.8,0,0,0,.815-.794A.716.716,0,0,0,63.957,22.589ZM29.73,32.847a2.122,2.122,0,1,1,2.123-2.124A2.125,2.125,0,0,1,29.73,32.847ZM49.225,18.931c-.97-.028-1.86-.079-2.642-.169l1.95-10.118a18.189,18.189,0,0,1,2.01,1.31ZM52.587,2.243A9.116,9.116,0,0,1,55,3.831L48.113,6.7a8.861,8.861,0,0,0-2.056-.624L52.4,2.406A.944.944,0,0,0,52.587,2.243ZM44.724,7.628a7.712,7.712,0,0,1,1.781.441.809.809,0,0,0,.524,0L45.02,18.51a8.269,8.269,0,0,1-2.334-.834c0-.006.008-.011.008-.017Zm5.221.032,6.245-2.606A17.432,17.432,0,0,1,58.12,7.9L51.79,8.922A20.958,20.958,0,0,0,49.945,7.66Zm8.813,1.748a.514.514,0,0,0,.1-.04c.369.783.7,1.581.993,2.388l-5.042-.207c-.456-.441-.917-.872-1.381-1.283Zm-.753,5.5c-.5-.568-1.019-1.139-1.552-1.7l3.949.163c.245.779.46,1.54.652,2.284l-2.906-.741A.6.6,0,0,0,58.005,14.913Zm-2.765-.673c.626.665,1.242,1.342,1.835,2.026l-.433,3.19a18.592,18.592,0,0,0-1.979-.369ZM58.457,17.9c.855,1.046,1.635,2.056,2.326,2.982a27.736,27.736,0,0,0-2.6-.989Zm1.272-.941,1.744.444c.194.874.349,1.679.473,2.4C61.326,18.969,60.582,18.006,59.73,16.961ZM47.112,1.869a9.978,9.978,0,0,1,2.295-.28,7.725,7.725,0,0,1,1.046.107L44.707,5.023a2.505,2.505,0,0,1,.221-1.154A3.821,3.821,0,0,1,47.112,1.869Zm-6.5,7.871a5.316,5.316,0,0,1,2.443-1.881l-1.76,8.7a5.972,5.972,0,0,1-1.118-2.324A5.426,5.426,0,0,1,40.607,9.74Zm11.469,9.213c-.434.008-.846.011-1.253.011l1.156-7.853q.923.79,1.832,1.681l-.735,6.194c-.2-.006-.382-.037-.578-.037Z\" fill=\"#967145\"><\/path><\/g><\/svg>\t\t\t<\/div>\n\t\t<\/div>\n\t\t\t\t\t\t<\/div>\n\t\t\t\t<\/div>\n\t\t\t\t<div class=\"elementor-element elementor-element-6caaeef6 elementor-widget elementor-widget-heading\" data-id=\"6caaeef6\" data-element_type=\"widget\" data-widget_type=\"heading.default\">\n\t\t\t\t<div class=\"elementor-widget-container\">\n\t\t\t\t\t<h2 class=\"elementor-heading-title elementor-size-default\">El bosque  <\/h2>\t\t\t\t<\/div>\n\t\t\t\t<\/div>\n\t\t\t\t<div class=\"elementor-element elementor-element-307ba0e4 elementor-widget elementor-widget-heading\" data-id=\"307ba0e4\" data-element_type=\"widget\" data-widget_type=\"heading.default\">\n\t\t\t\t<div class=\"elementor-widget-container\">\n\t\t\t\t\t<h2 class=\"elementor-heading-title elementor-size-default\">DE SA COMUNA<\/h2>\t\t\t\t<\/div>\n\t\t\t\t<\/div>\n\t\t\t\t<div class=\"elementor-element elementor-element-62d55f3 elementor-widget elementor-widget-text-editor\" data-id=\"62d55f3\" data-element_type=\"widget\" data-widget_type=\"text-editor.default\">\n\t\t\t\t<div class=\"elementor-widget-container\">\n\t\t\t\t\t\t\t\t\t<p><strong>Cientos de pinares, matorrales y encinares forman el bosque incre\u00edble de Sa Comuna de <a title=\"bu\u00f1ola\" href=\"https:\/\/www.visitbunyola.com\/ca\/\">Bunyola<\/a> , uno de los m\u00e1s extensos de la isla de Mallorca. Un paraje ideal para practicar el <a title=\"senderismo\" href=\"https:\/\/www.visitbunyola.com\/es\/rutas-senderistas\/\">senderismo<\/a> , el <a title=\"ciclismo\" href=\"https:\/\/www.visitbunyola.com\/es\/rutas-ciclistas\/\">ciclismo<\/a> o la escalada. <\/strong><\/p>\n\t\t\t\t\t\t\t\t<\/div>\n\t\t\t\t<\/div>\n\t\t\t\t<div class=\"elementor-element elementor-element-62607722 elementor-widget elementor-widget-text-editor\" data-id=\"62607722\" data-element_type=\"widget\" data-widget_type=\"text-editor.default\">\n\t\t\t\t<div class=\"elementor-widget-container\">\n\t\t\t\t\t\t\t\t\t<p>Situado en plena Sierra de Tramuntana -Patrimonio Mundial de la Humanidad-, Sa Comuna de Bunyola sirvi\u00f3 durante a\u00f1os como fuente de recursos a los vecinos. Una prueba son la multitud de bienes etnol\u00f3gicos que encontramos en sus caminos: silos, hornos de pan, aljibes, hornos de cal&#8230; <\/p>\n\t\t\t\t\t\t\t\t<\/div>\n\t\t\t\t<\/div>\n\t\t\t\t<div class=\"elementor-element elementor-element-3f52e9a elementor-widget elementor-widget-heading\" data-id=\"3f52e9a\" data-element_type=\"widget\" data-widget_type=\"heading.default\">\n\t\t\t\t<div class=\"elementor-widget-container\">\n\t\t\t\t\t<h5 class=\"elementor-heading-title elementor-size-default\">Naturaleza, tradici\u00f3n,<br> aventura y paisaje  <\/h5>\t\t\t\t<\/div>\n\t\t\t\t<\/div>\n\t\t\t\t\t<\/div>\n\t\t\t\t<\/div>\n\t\t<div class=\"elementor-element elementor-element-5e11b637 e-con-full e-flex e-con e-parent\" data-id=\"5e11b637\" data-element_type=\"container\" data-settings=\"{&quot;background_background&quot;:&quot;classic&quot;,&quot;jet_parallax_layout_list&quot;:[]}\">\n\t\t<div class=\"elementor-element elementor-element-4ca7dba6 e-con-full e-flex e-con e-child\" data-id=\"4ca7dba6\" data-element_type=\"container\" data-settings=\"{&quot;jet_parallax_layout_list&quot;:[]}\">\n\t\t<div class=\"elementor-element elementor-element-3b2992ca e-con-full e-flex e-con e-child\" data-id=\"3b2992ca\" data-element_type=\"container\" data-settings=\"{&quot;jet_parallax_layout_list&quot;:[]}\">\n\t\t\t\t<div class=\"elementor-element elementor-element-7ea9b37a elementor-widget elementor-widget-heading\" data-id=\"7ea9b37a\" data-element_type=\"widget\" data-widget_type=\"heading.default\">\n\t\t\t\t<div class=\"elementor-widget-container\">\n\t\t\t\t\t<h3 class=\"elementor-heading-title elementor-size-default\">\u00c1rea recreativa y Refugio<\/h3>\t\t\t\t<\/div>\n\t\t\t\t<\/div>\n\t\t\t\t<div class=\"elementor-element elementor-element-192c3716 elementor-widget elementor-widget-text-editor\" data-id=\"192c3716\" data-element_type=\"widget\" data-widget_type=\"text-editor.default\">\n\t\t\t\t<div class=\"elementor-widget-container\">\n\t\t\t\t\t\t\t\t\t<strong>El \u00e1rea recreativa de Sa Comuna es el lugar ideal para pasar el d\u00eda en plena naturaleza. Aqu\u00ed encontrar\u00e1s un merendero equipado con fogones y mesas donde se puede disfrutar de un picnic en familia. <\/strong><\/p>\n<p class=\"texto-hover-especial color_blanco ormargin_40_bot\"><strong>Adem\u00e1s, durante todo el a\u00f1o est\u00e1 abierto al p\u00fablico el refugio de Sa Comuna, perfecto para alojarse en plena Serra de Tramuntana.<\/strong>\t\t\t\t\t\t\t\t<\/div>\n\t\t\t\t<\/div>\n\t\t\t\t<\/div>\n\t\t\t\t<\/div>\n\t\t\t\t<\/div>\n\t\t<div class=\"elementor-element elementor-element-5332610f e-flex e-con-boxed e-con e-parent\" data-id=\"5332610f\" data-element_type=\"container\" data-settings=\"{&quot;jet_parallax_layout_list&quot;:[]}\">\n\t\t\t\t\t<div class=\"e-con-inner\">\n\t\t\t\t<div class=\"elementor-element elementor-element-270cf775 elementor-widget elementor-widget-heading\" data-id=\"270cf775\" data-element_type=\"widget\" data-widget_type=\"heading.default\">\n\t\t\t\t<div class=\"elementor-widget-container\">\n\t\t\t\t\t<h2 class=\"elementor-heading-title elementor-size-default\">Excursiones  <\/h2>\t\t\t\t<\/div>\n\t\t\t\t<\/div>\n\t\t\t\t<div class=\"elementor-element elementor-element-330c446f elementor-widget elementor-widget-heading\" data-id=\"330c446f\" data-element_type=\"widget\" data-widget_type=\"heading.default\">\n\t\t\t\t<div class=\"elementor-widget-container\">\n\t\t\t\t\t<h2 class=\"elementor-heading-title elementor-size-default\">POR LA COMUNA DE BUNYOLA<\/h2>\t\t\t\t<\/div>\n\t\t\t\t<\/div>\n\t\t\t\t\t<\/div>\n\t\t\t\t<\/div>\n\t\t<div class=\"elementor-element elementor-element-5e6b986f e-flex e-con-boxed e-con e-parent\" data-id=\"5e6b986f\" data-element_type=\"container\" data-settings=\"{&quot;jet_parallax_layout_list&quot;:[]}\">\n\t\t\t\t\t<div class=\"e-con-inner\">\n\t\t<div class=\"elementor-element elementor-element-67f4e778 e-con-full e-flex e-con e-child\" data-id=\"67f4e778\" data-element_type=\"container\" data-settings=\"{&quot;background_background&quot;:&quot;classic&quot;,&quot;jet_parallax_layout_list&quot;:[]}\">\n\t\t\t\t<div class=\"elementor-element elementor-element-dce9532 elementor-cta--layout-image-above elementor-cta--valign-top elementor-cta--skin-classic elementor-animated-content elementor-bg-transform elementor-bg-transform-zoom-in elementor-widget elementor-widget-call-to-action\" data-id=\"dce9532\" data-element_type=\"widget\" data-widget_type=\"call-to-action.default\">\n\t\t\t\t<div class=\"elementor-widget-container\">\n\t\t\t\t\t\t\t<div class=\"elementor-cta\">\n\t\t\t\t\t<div class=\"elementor-cta__bg-wrapper\">\n\t\t\t\t<div class=\"elementor-cta__bg elementor-bg\" style=\"background-image: url(https:\/\/www.visitbunyola.com\/wp-content\/uploads\/2024\/07\/comuna-ficha01.jpg);\" role=\"img\" aria-label=\"comuna-ficha01\"><\/div>\n\t\t\t\t<div class=\"elementor-cta__bg-overlay\"><\/div>\n\t\t\t<\/div>\n\t\t\t\t\t\t\t<div class=\"elementor-cta__content\">\n\t\t\t\t\n\t\t\t\t\t\t\t\t\t<h3 class=\"elementor-cta__title elementor-cta__content-item elementor-content-item\">\n\t\t\t\t\t\tItinerario Etnol\u00f3gico\t\t\t\t\t<\/h3>\n\t\t\t\t\n\t\t\t\t\t\t\t\t\t<div class=\"elementor-cta__description elementor-cta__content-item elementor-content-item\">\n\t\t\t\t\t\t<p>Un itinerario que te permitir\u00e1 descubrir los rincones con m\u00e1s historia de Sa Comuna de Bunyola. La ruta senderista tiene como puntos de referencia tres conjuntos etnol\u00f3gicos, en los que se encuentran rastros de silos, hornos de cal o barracas de carbonero, entre otros elementos. Restos de una clara herencia del pasado de los bu\u00f1uelos, que utilizaban el bosque como fuente de recursos.  <\/p>\n<div><strong>DIFICULTAD<\/strong> : Muy F\u00e1cil<\/div>\n<p><\/p>\n<div><strong>DURACI\u00d3N APROXIMADA<\/strong> : 1h 30 min<\/div>\n<p><\/p>\n\t\t\t\t\t<\/div>\n\t\t\t\t\n\t\t\t\t\t\t\t\t\t<div class=\"elementor-cta__button-wrapper elementor-cta__content-item elementor-content-item \">\n\t\t\t\t\t<a class=\"elementor-cta__button elementor-button elementor-size-\" href=\"https:\/\/www.visitbunyola.com\/wp-content\/uploads\/2024\/07\/itinerari-etnologic-scaled.jpg\" target=\"_blank\">\n\t\t\t\t\t\tDESCARGAR RUTA\t\t\t\t\t<\/a>\n\t\t\t\t\t<\/div>\n\t\t\t\t\t\t\t<\/div>\n\t\t\t\t\t\t\t<div class=\"elementor-ribbon elementor-ribbon-left\">\n\t\t\t\t<div class=\"elementor-ribbon-inner\">01<\/div>\n\t\t\t<\/div>\n\t\t\t\t<\/div>\n\t\t\t\t\t\t<\/div>\n\t\t\t\t<\/div>\n\t\t\t\t<\/div>\n\t\t<div class=\"elementor-element elementor-element-2f74cc3c e-con-full e-flex e-con e-child\" data-id=\"2f74cc3c\" data-element_type=\"container\" data-settings=\"{&quot;background_background&quot;:&quot;classic&quot;,&quot;jet_parallax_layout_list&quot;:[]}\">\n\t\t\t\t<div class=\"elementor-element elementor-element-92d350a elementor-cta--layout-image-above elementor-cta--valign-top elementor-cta--skin-classic elementor-animated-content elementor-bg-transform elementor-bg-transform-zoom-in elementor-widget elementor-widget-call-to-action\" data-id=\"92d350a\" data-element_type=\"widget\" data-widget_type=\"call-to-action.default\">\n\t\t\t\t<div class=\"elementor-widget-container\">\n\t\t\t\t\t\t\t<div class=\"elementor-cta\">\n\t\t\t\t\t<div class=\"elementor-cta__bg-wrapper\">\n\t\t\t\t<div class=\"elementor-cta__bg elementor-bg\" style=\"background-image: url(https:\/\/www.visitbunyola.com\/wp-content\/uploads\/2024\/07\/comuna-ficha02.jpg);\" role=\"img\" aria-label=\"comuna-ficha02\"><\/div>\n\t\t\t\t<div class=\"elementor-cta__bg-overlay\"><\/div>\n\t\t\t<\/div>\n\t\t\t\t\t\t\t<div class=\"elementor-cta__content\">\n\t\t\t\t\n\t\t\t\t\t\t\t\t\t<h3 class=\"elementor-cta__title elementor-cta__content-item elementor-content-item\">\n\t\t\t\t\t\tBunyola - Pe\u00f1\u00f3n de Honor\t\t\t\t\t<\/h3>\n\t\t\t\t\n\t\t\t\t\t\t\t\t\t<div class=\"elementor-cta__description elementor-cta__content-item elementor-content-item\">\n\t\t\t\t\t\t<p>Partiendo desde el pueblo de Bunyola y adentr\u00e1ndose en caminos de monta\u00f1a se llega a la cima del pe\u00f1\u00f3n de Honor, situado a 819 metros de altura. \u00c9ste es el punto m\u00e1s alto de la Comuna y, por tanto, el mejor lugar para disfrutar de una vista espectacular sobre el paraje natural de la Sierra de Tramuntana. El camino hasta aqu\u00ed est\u00e1 lleno de rincones con encanto, como la casa construida en una cueva o los antiguos silos y aljibes.    <\/p>\n<div><strong>DIFICULTAD<\/strong> : Media<\/div>\n<p><\/p>\n<div><strong>DURACI\u00d3N APROXIMADA<\/strong> : 6h  <\/div>\n<p><\/p>\n\t\t\t\t\t<\/div>\n\t\t\t\t\n\t\t\t\t\t\t\t\t\t<div class=\"elementor-cta__button-wrapper elementor-cta__content-item elementor-content-item \">\n\t\t\t\t\t<a class=\"elementor-cta__button elementor-button elementor-size-\" href=\"https:\/\/www.visitbunyola.com\/wp-content\/uploads\/2024\/07\/bunyola-penyal_honor-scaled.jpg\" target=\"_blank\">\n\t\t\t\t\t\tDESCARGAR RUTA\t\t\t\t\t<\/a>\n\t\t\t\t\t<\/div>\n\t\t\t\t\t\t\t<\/div>\n\t\t\t\t\t\t\t<div class=\"elementor-ribbon elementor-ribbon-left\">\n\t\t\t\t<div class=\"elementor-ribbon-inner\">02<\/div>\n\t\t\t<\/div>\n\t\t\t\t<\/div>\n\t\t\t\t\t\t<\/div>\n\t\t\t\t<\/div>\n\t\t\t\t<\/div>\n\t\t\t\t\t<\/div>\n\t\t\t\t<\/div>\n\t\t<div class=\"elementor-element elementor-element-e62d9b9 e-flex e-con-boxed e-con e-parent\" data-id=\"e62d9b9\" data-element_type=\"container\" data-settings=\"{&quot;jet_parallax_layout_list&quot;:[]}\">\n\t\t\t\t\t<div class=\"e-con-inner\">\n\t\t<div class=\"elementor-element elementor-element-1744554 e-con-full e-flex e-con e-child\" data-id=\"1744554\" data-element_type=\"container\" data-settings=\"{&quot;background_background&quot;:&quot;classic&quot;,&quot;jet_parallax_layout_list&quot;:[]}\">\n\t\t\t\t<div class=\"elementor-element elementor-element-d360df9 elementor-cta--layout-image-above elementor-cta--valign-top elementor-cta--skin-classic elementor-animated-content elementor-bg-transform elementor-bg-transform-zoom-in elementor-widget elementor-widget-call-to-action\" data-id=\"d360df9\" data-element_type=\"widget\" data-widget_type=\"call-to-action.default\">\n\t\t\t\t<div class=\"elementor-widget-container\">\n\t\t\t\t\t\t\t<div class=\"elementor-cta\">\n\t\t\t\t\t<div class=\"elementor-cta__bg-wrapper\">\n\t\t\t\t<div class=\"elementor-cta__bg elementor-bg\" style=\"background-image: url(https:\/\/www.visitbunyola.com\/wp-content\/uploads\/2024\/07\/comuna-ficha03.jpg);\" role=\"img\" aria-label=\"comuna-ficha03\"><\/div>\n\t\t\t\t<div class=\"elementor-cta__bg-overlay\"><\/div>\n\t\t\t<\/div>\n\t\t\t\t\t\t\t<div class=\"elementor-cta__content\">\n\t\t\t\t\n\t\t\t\t\t\t\t\t\t<h3 class=\"elementor-cta__title elementor-cta__content-item elementor-content-item\">\n\t\t\t\t\t\tPuig de na Marit y cueva de s'Aigua\t\t\t\t\t<\/h3>\n\t\t\t\t\n\t\t\t\t\t\t\t\t\t<div class=\"elementor-cta__description elementor-cta__content-item elementor-content-item\">\n\t\t\t\t\t\t<p>Ruta senderista ideal para descubrir la flora y la fauna de Su Comuna de Bunyola, como por ejemplo, el milano real, el buitre negro o la caracter\u00edstica jineta balear. El primer punto de la ruta te llevar\u00e1 al monte de Marit, donde se puede descansar despu\u00e9s de la subida. Aquellos con buen sentido de la orientaci\u00f3n desde aqu\u00ed podr\u00e1n llegar a la cueva de s'Aigua, en la que hay restos de cer\u00e1mica.  <\/p>\n<div><strong>DIFICULTAD<\/strong> : Media<\/div>\n<p><\/p>\n<div><strong>DURACI\u00d3N APROXIMADA<\/strong> : 3h 30 min<\/div>\n<p><\/p>\n\t\t\t\t\t<\/div>\n\t\t\t\t\n\t\t\t\t\t\t\t\t\t<div class=\"elementor-cta__button-wrapper elementor-cta__content-item elementor-content-item \">\n\t\t\t\t\t<a class=\"elementor-cta__button elementor-button elementor-size-\" href=\"https:\/\/www.visitbunyola.com\/wp-content\/uploads\/2024\/07\/puig_marit-cova_aigua-scaled.jpg\" target=\"_blank\">\n\t\t\t\t\t\tDESCARGAR RUTA\t\t\t\t\t<\/a>\n\t\t\t\t\t<\/div>\n\t\t\t\t\t\t\t<\/div>\n\t\t\t\t\t\t\t<div class=\"elementor-ribbon elementor-ribbon-left\">\n\t\t\t\t<div class=\"elementor-ribbon-inner\">03<\/div>\n\t\t\t<\/div>\n\t\t\t\t<\/div>\n\t\t\t\t\t\t<\/div>\n\t\t\t\t<\/div>\n\t\t\t\t<\/div>\n\t\t<div class=\"elementor-element elementor-element-8a13600 e-con-full e-flex e-con e-child\" data-id=\"8a13600\" data-element_type=\"container\" data-settings=\"{&quot;background_background&quot;:&quot;classic&quot;,&quot;jet_parallax_layout_list&quot;:[]}\">\n\t\t\t\t<div class=\"elementor-element elementor-element-f7ad6f5 elementor-cta--layout-image-above elementor-cta--valign-top elementor-cta--skin-classic elementor-animated-content elementor-bg-transform elementor-bg-transform-zoom-in elementor-widget elementor-widget-call-to-action\" data-id=\"f7ad6f5\" data-element_type=\"widget\" data-widget_type=\"call-to-action.default\">\n\t\t\t\t<div class=\"elementor-widget-container\">\n\t\t\t\t\t\t\t<div class=\"elementor-cta\">\n\t\t\t\t\t<div class=\"elementor-cta__bg-wrapper\">\n\t\t\t\t<div class=\"elementor-cta__bg elementor-bg\" style=\"background-image: url(https:\/\/www.visitbunyola.com\/wp-content\/uploads\/2024\/07\/comuna-ficha04.jpg);\" role=\"img\" aria-label=\"comuna-ficha04\"><\/div>\n\t\t\t\t<div class=\"elementor-cta__bg-overlay\"><\/div>\n\t\t\t<\/div>\n\t\t\t\t\t\t\t<div class=\"elementor-cta__content\">\n\t\t\t\t\n\t\t\t\t\t\t\t\t\t<h3 class=\"elementor-cta__title elementor-cta__content-item elementor-content-item\">\n\t\t\t\t\t\tRuta Circular en Sa Comuna\t\t\t\t\t<\/h3>\n\t\t\t\t\n\t\t\t\t\t\t\t\t\t<div class=\"elementor-cta__description elementor-cta__content-item elementor-content-item\">\n\t\t\t\t\t\t<p>Esta ruta circular ofrece una visi\u00f3n general del bosque de Sa Comuna, as\u00ed como algunos de los restos etnol\u00f3gicos de la zona, como los silos o las barracas de carbonero. El itinerario es de una dificultad baja y permite realizar bifurcaciones en diferentes puntos, como el pe\u00f1\u00f3n de Honor, el punto m\u00e1s alto de toda Sa Comuna de Bunyola.   <\/p>\n<div><strong>DIFICULTAD<\/strong> : F\u00e1cil<\/div>\n<p><\/p>\n<div><strong>DURACI\u00d3N APROXIMADA<\/strong> : 2h 30 min<\/div>\n<p><\/p>\n\t\t\t\t\t<\/div>\n\t\t\t\t\n\t\t\t\t\t\t\t\t\t<div class=\"elementor-cta__button-wrapper elementor-cta__content-item elementor-content-item \">\n\t\t\t\t\t<a class=\"elementor-cta__button elementor-button elementor-size-\" href=\"https:\/\/www.visitbunyola.com\/wp-content\/uploads\/2024\/07\/ruta_circular_sa_comuna-scaled.jpg\" target=\"_blank\">\n\t\t\t\t\t\tDESCARGAR RUTA\t\t\t\t\t<\/a>\n\t\t\t\t\t<\/div>\n\t\t\t\t\t\t\t<\/div>\n\t\t\t\t\t\t\t<div class=\"elementor-ribbon elementor-ribbon-left\">\n\t\t\t\t<div class=\"elementor-ribbon-inner\">04<\/div>\n\t\t\t<\/div>\n\t\t\t\t<\/div>\n\t\t\t\t\t\t<\/div>\n\t\t\t\t<\/div>\n\t\t\t\t<\/div>\n\t\t\t\t\t<\/div>\n\t\t\t\t<\/div>\n\t\t\t\t<\/div>\n\t\t","protected":false},"excerpt":{"rendered":"<p>Sa Comuna de Bunyola CAMINA POR MALLORCA El bosque DE SA COMUNA Cientos de pinares, matorrales y encinares forman el bosque incre\u00edble de Sa Comuna de Bunyola , uno de los m\u00e1s extensos de la isla de Mallorca. Un paraje ideal para practicar el senderismo , el ciclismo o la escalada. Situado en plena Sierra [&hellip;]<\/p>\n","protected":false},"author":1,"featured_media":0,"parent":0,"menu_order":0,"comment_status":"closed","ping_status":"closed","template":"","meta":{"_acf_changed":false,"footnotes":""},"class_list":["post-1904","page","type-page","status-publish","hentry"],"acf":[],"_links":{"self":[{"href":"https:\/\/www.visitbunyola.com\/es\/wp-json\/wp\/v2\/pages\/1904","targetHints":{"allow":["GET"]}}],"collection":[{"href":"https:\/\/www.visitbunyola.com\/es\/wp-json\/wp\/v2\/pages"}],"about":[{"href":"https:\/\/www.visitbunyola.com\/es\/wp-json\/wp\/v2\/types\/page"}],"author":[{"embeddable":true,"href":"https:\/\/www.visitbunyola.com\/es\/wp-json\/wp\/v2\/users\/1"}],"replies":[{"embeddable":true,"href":"https:\/\/www.visitbunyola.com\/es\/wp-json\/wp\/v2\/comments?post=1904"}],"version-history":[{"count":5,"href":"https:\/\/www.visitbunyola.com\/es\/wp-json\/wp\/v2\/pages\/1904\/revisions"}],"predecessor-version":[{"id":2553,"href":"https:\/\/www.visitbunyola.com\/es\/wp-json\/wp\/v2\/pages\/1904\/revisions\/2553"}],"wp:attachment":[{"href":"https:\/\/www.visitbunyola.com\/es\/wp-json\/wp\/v2\/media?parent=1904"}],"curies":[{"name":"wp","href":"https:\/\/api.w.org\/{rel}","templated":true}]}}